{"id":921,"date":"2023-08-15T05:06:49","date_gmt":"2023-08-15T05:06:49","guid":{"rendered":"https:\/\/nextlabcolombia.com\/?post_type=product&#038;p=921"},"modified":"2023-08-31T16:43:48","modified_gmt":"2023-08-31T16:43:48","slug":"casetas-de-laboratorio-moviles","status":"publish","type":"product","link":"https:\/\/nextlabcolombia.com\/index.php\/producto\/casetas-de-laboratorio-moviles\/","title":{"rendered":"Casetas de Laboratorio M\u00f3viles"},"content":{"rendered":"<p><a href='https:\/\/nextlabcolombia.com\/wp-content\/uploads\/2023\/08\/Ficha-Tecnica-Caseta-de-laboratorio-movil.pdf' class='small-button smallgreen' target=\"_blank\">Descargar ficha t\u00e9cnica<\/a><br \/>\n<a href='https:\/\/nextlabcolombia.com\/index.php\/formulario-de-cotizacion\/' class='small-button smallblue' target=\"_blank\">Realizar Cotizaci\u00f3n<\/a><\/p>\n<ul>\n<li>Casetas amplias dise\u00f1adas seg\u00fan especificaciones del cliente<\/li>\n<li>Son estructuras transportables que brindan espacios de trabajo vers\u00e1tiles y adaptables<\/li>\n<li>Se utilizan para investigaciones y an\u00e1lisis en ubicaciones temporales o remotas, facilitando la realizaci\u00f3n de experimentos y actividades cient\u00edficas en diversos entornos.<\/li>\n<li>Estas casetas m\u00f3viles pueden contener equipos, herramientas y sistemas necesarios para llevar a cabo investigaciones y an\u00e1lisis en campo, lo que las convierte en una soluci\u00f3n pr\u00e1ctica para proyectos cient\u00edficos en lugares cambiantes o de dif\u00edcil acceso.<\/li>\n<li>Comprende un sistema de transporte para f\u00e1cil uso y adecuaci\u00f3n en diferentes espacios<\/li>\n<li>Fabricado con materiales de larga duraci\u00f3n y resistentes a diferentes temperaturas<\/li>\n<\/ul>\n","protected":false},"excerpt":{"rendered":"<p><a href='https:\/\/nextlabcolombia.com\/wp-content\/uploads\/2023\/08\/Ficha-Tecnica-Caseta-de-laboratorio-movil.pdf' class='small-button smallgreen' target=\"_blank\">Descargar ficha t\u00e9cnica<\/a><br \/>\n<a href='https:\/\/nextlabcolombia.com\/index.php\/formulario-de-cotizacion\/' class='small-button smallblue' target=\"_blank\">Realizar Cotizaci\u00f3n<\/a><\/p>\n<ul>\n<li>Casetas amplias dise\u00f1adas seg\u00fan especificaciones del cliente<\/li>\n<li>Son estructuras transportables que brindan espacios de trabajo vers\u00e1tiles y adaptables<\/li>\n<li>Se utilizan para investigaciones y an\u00e1lisis en ubicaciones temporales o remotas, facilitando la realizaci\u00f3n de experimentos y actividades cient\u00edficas en diversos entornos.<\/li>\n<li>Estas casetas m\u00f3viles pueden contener equipos, herramientas y sistemas necesarios para llevar a cabo investigaciones y an\u00e1lisis en campo, lo que las convierte en una soluci\u00f3n pr\u00e1ctica para proyectos cient\u00edficos en lugares cambiantes o de dif\u00edcil acceso.<\/li>\n<li>Comprende un sistema de transporte para f\u00e1cil uso y adecuaci\u00f3n en diferentes espacios<\/li>\n<li>Fabricado con materiales de larga duraci\u00f3n y resistentes a diferentes temperaturas<\/li>\n<\/ul>\n","protected":false},"featured_media":922,"comment_status":"open","ping_status":"closed","template":"","meta":{"_et_pb_use_builder":"","_et_pb_old_content":"","_et_gb_content_width":"","_monsterinsights_skip_tracking":false,"_monsterinsights_sitenote_active":false,"_monsterinsights_sitenote_note":"","_monsterinsights_sitenote_category":0,"_joinchat":[]},"product_cat":[145,144],"product_tag":[],"class_list":{"0":"post-921","1":"product","2":"type-product","3":"status-publish","4":"has-post-thumbnail","6":"product_cat-casetas-laboratorio-moviles","7":"product_cat-casetas","9":"first","10":"instock","11":"taxable","12":"shipping-taxable","13":"product-type-simple"},"yoast_head":"<!-- This site is optimized with the Yoast SEO plugin v23.6 - https:\/\/yoast.com\/wordpress\/plugins\/seo\/ -->\n<title>Casetas de Laboratorio M\u00f3viles - Next Lab Colombia<\/title>\n<meta name=\"robots\" content=\"index, follow, max-snippet:-1, max-image-preview:large, max-video-preview:-1\" \/>\n<link rel=\"canonical\" href=\"https:\/\/nextlabcolombia.com\/index.php\/producto\/casetas-de-laboratorio-moviles\/\" \/>\n<meta property=\"og:locale\" content=\"es_ES\" \/>\n<meta property=\"og:type\" content=\"article\" \/>\n<meta property=\"og:title\" content=\"Casetas de Laboratorio M\u00f3viles - Next Lab Colombia\" \/>\n<meta property=\"og:description\" content=\"Casetas amplias dise\u00f1adas seg\u00fan especificaciones del cliente  Son estructuras transportables que brindan espacios de trabajo vers\u00e1tiles y adaptables  Se utilizan para investigaciones y an\u00e1lisis en ubicaciones temporales o remotas, facilitando la realizaci\u00f3n de experimentos y actividades cient\u00edficas en diversos entornos.  Estas casetas m\u00f3viles pueden contener equipos, herramientas y sistemas necesarios para llevar a cabo investigaciones y an\u00e1lisis en campo, lo que las convierte en una soluci\u00f3n pr\u00e1ctica para proyectos cient\u00edficos en lugares cambiantes o de dif\u00edcil acceso.  Comprende un sistema de transporte para f\u00e1cil uso y adecuaci\u00f3n en diferentes espacios  Fabricado con materiales de larga duraci\u00f3n y resistentes a diferentes temperaturas\" \/>\n<meta property=\"og:url\" content=\"https:\/\/nextlabcolombia.com\/index.php\/producto\/casetas-de-laboratorio-moviles\/\" \/>\n<meta property=\"og:site_name\" content=\"Next Lab Colombia\" \/>\n<meta property=\"article:modified_time\" content=\"2023-08-31T16:43:48+00:00\" \/>\n<meta property=\"og:image\" content=\"https:\/\/nextlabcolombia.com\/wp-content\/uploads\/2023\/08\/Imagen15.jpg\" \/>\n\t<meta property=\"og:image:width\" content=\"304\" \/>\n\t<meta property=\"og:image:height\" content=\"228\" \/>\n\t<meta property=\"og:image:type\" content=\"image\/jpeg\" \/>\n<meta name=\"twitter:card\" content=\"summary_large_image\" \/>\n<meta name=\"twitter:label1\" content=\"Tiempo de lectura\" \/>\n\t<meta name=\"twitter:data1\" content=\"1 minuto\" \/>\n<script type=\"application\/ld+json\" class=\"yoast-schema-graph\">{\"@context\":\"https:\/\/schema.org\",\"@graph\":[{\"@type\":\"WebPage\",\"@id\":\"https:\/\/nextlabcolombia.com\/index.php\/producto\/casetas-de-laboratorio-moviles\/\",\"url\":\"https:\/\/nextlabcolombia.com\/index.php\/producto\/casetas-de-laboratorio-moviles\/\",\"name\":\"Casetas de Laboratorio M\u00f3viles - Next Lab Colombia\",\"isPartOf\":{\"@id\":\"https:\/\/nextlabcolombia.com\/#website\"},\"primaryImageOfPage\":{\"@id\":\"https:\/\/nextlabcolombia.com\/index.php\/producto\/casetas-de-laboratorio-moviles\/#primaryimage\"},\"image\":{\"@id\":\"https:\/\/nextlabcolombia.com\/index.php\/producto\/casetas-de-laboratorio-moviles\/#primaryimage\"},\"thumbnailUrl\":\"https:\/\/nextlabcolombia.com\/wp-content\/uploads\/2023\/08\/Imagen15.jpg\",\"datePublished\":\"2023-08-15T05:06:49+00:00\",\"dateModified\":\"2023-08-31T16:43:48+00:00\",\"breadcrumb\":{\"@id\":\"https:\/\/nextlabcolombia.com\/index.php\/producto\/casetas-de-laboratorio-moviles\/#breadcrumb\"},\"inLanguage\":\"es\",\"potentialAction\":[{\"@type\":\"ReadAction\",\"target\":[\"https:\/\/nextlabcolombia.com\/index.php\/producto\/casetas-de-laboratorio-moviles\/\"]}]},{\"@type\":\"ImageObject\",\"inLanguage\":\"es\",\"@id\":\"https:\/\/nextlabcolombia.com\/index.php\/producto\/casetas-de-laboratorio-moviles\/#primaryimage\",\"url\":\"https:\/\/nextlabcolombia.com\/wp-content\/uploads\/2023\/08\/Imagen15.jpg\",\"contentUrl\":\"https:\/\/nextlabcolombia.com\/wp-content\/uploads\/2023\/08\/Imagen15.jpg\",\"width\":304,\"height\":228},{\"@type\":\"BreadcrumbList\",\"@id\":\"https:\/\/nextlabcolombia.com\/index.php\/producto\/casetas-de-laboratorio-moviles\/#breadcrumb\",\"itemListElement\":[{\"@type\":\"ListItem\",\"position\":1,\"name\":\"Portada\",\"item\":\"https:\/\/nextlabcolombia.com\/\"},{\"@type\":\"ListItem\",\"position\":2,\"name\":\"Tienda\",\"item\":\"https:\/\/nextlabcolombia.com\/index.php\/tienda\/\"},{\"@type\":\"ListItem\",\"position\":3,\"name\":\"Casetas de Laboratorio M\u00f3viles\"}]},{\"@type\":\"WebSite\",\"@id\":\"https:\/\/nextlabcolombia.com\/#website\",\"url\":\"https:\/\/nextlabcolombia.com\/\",\"name\":\"Next Lab Colombia\",\"description\":\"\",\"publisher\":{\"@id\":\"https:\/\/nextlabcolombia.com\/#organization\"},\"potentialAction\":[{\"@type\":\"SearchAction\",\"target\":{\"@type\":\"EntryPoint\",\"urlTemplate\":\"https:\/\/nextlabcolombia.com\/?s={search_term_string}\"},\"query-input\":{\"@type\":\"PropertyValueSpecification\",\"valueRequired\":true,\"valueName\":\"search_term_string\"}}],\"inLanguage\":\"es\"},{\"@type\":\"Organization\",\"@id\":\"https:\/\/nextlabcolombia.com\/#organization\",\"name\":\"Next Lab Colombia\",\"url\":\"https:\/\/nextlabcolombia.com\/\",\"logo\":{\"@type\":\"ImageObject\",\"inLanguage\":\"es\",\"@id\":\"https:\/\/nextlabcolombia.com\/#\/schema\/logo\/image\/\",\"url\":\"https:\/\/nextlabcolombia.com\/wp-content\/uploads\/2023\/03\/LOGO-NEXT-LAB.png\",\"contentUrl\":\"https:\/\/nextlabcolombia.com\/wp-content\/uploads\/2023\/03\/LOGO-NEXT-LAB.png\",\"width\":967,\"height\":1038,\"caption\":\"Next Lab Colombia\"},\"image\":{\"@id\":\"https:\/\/nextlabcolombia.com\/#\/schema\/logo\/image\/\"}}]}<\/script>\n<!-- \/ Yoast SEO plugin. -->","yoast_head_json":{"title":"Casetas de Laboratorio M\u00f3viles - Next Lab Colombia","robots":{"index":"index","follow":"follow","max-snippet":"max-snippet:-1","max-image-preview":"max-image-preview:large","max-video-preview":"max-video-preview:-1"},"canonical":"https:\/\/nextlabcolombia.com\/index.php\/producto\/casetas-de-laboratorio-moviles\/","og_locale":"es_ES","og_type":"article","og_title":"Casetas de Laboratorio M\u00f3viles - Next Lab Colombia","og_description":"Casetas amplias dise\u00f1adas seg\u00fan especificaciones del cliente  Son estructuras transportables que brindan espacios de trabajo vers\u00e1tiles y adaptables  Se utilizan para investigaciones y an\u00e1lisis en ubicaciones temporales o remotas, facilitando la realizaci\u00f3n de experimentos y actividades cient\u00edficas en diversos entornos.  Estas casetas m\u00f3viles pueden contener equipos, herramientas y sistemas necesarios para llevar a cabo investigaciones y an\u00e1lisis en campo, lo que las convierte en una soluci\u00f3n pr\u00e1ctica para proyectos cient\u00edficos en lugares cambiantes o de dif\u00edcil acceso.  Comprende un sistema de transporte para f\u00e1cil uso y adecuaci\u00f3n en diferentes espacios  Fabricado con materiales de larga duraci\u00f3n y resistentes a diferentes temperaturas","og_url":"https:\/\/nextlabcolombia.com\/index.php\/producto\/casetas-de-laboratorio-moviles\/","og_site_name":"Next Lab Colombia","article_modified_time":"2023-08-31T16:43:48+00:00","og_image":[{"width":304,"height":228,"url":"https:\/\/nextlabcolombia.com\/wp-content\/uploads\/2023\/08\/Imagen15.jpg","type":"image\/jpeg"}],"twitter_card":"summary_large_image","twitter_misc":{"Tiempo de lectura":"1 minuto"},"schema":{"@context":"https:\/\/schema.org","@graph":[{"@type":"WebPage","@id":"https:\/\/nextlabcolombia.com\/index.php\/producto\/casetas-de-laboratorio-moviles\/","url":"https:\/\/nextlabcolombia.com\/index.php\/producto\/casetas-de-laboratorio-moviles\/","name":"Casetas de Laboratorio M\u00f3viles - Next Lab Colombia","isPartOf":{"@id":"https:\/\/nextlabcolombia.com\/#website"},"primaryImageOfPage":{"@id":"https:\/\/nextlabcolombia.com\/index.php\/producto\/casetas-de-laboratorio-moviles\/#primaryimage"},"image":{"@id":"https:\/\/nextlabcolombia.com\/index.php\/producto\/casetas-de-laboratorio-moviles\/#primaryimage"},"thumbnailUrl":"https:\/\/nextlabcolombia.com\/wp-content\/uploads\/2023\/08\/Imagen15.jpg","datePublished":"2023-08-15T05:06:49+00:00","dateModified":"2023-08-31T16:43:48+00:00","breadcrumb":{"@id":"https:\/\/nextlabcolombia.com\/index.php\/producto\/casetas-de-laboratorio-moviles\/#breadcrumb"},"inLanguage":"es","potentialAction":[{"@type":"ReadAction","target":["https:\/\/nextlabcolombia.com\/index.php\/producto\/casetas-de-laboratorio-moviles\/"]}]},{"@type":"ImageObject","inLanguage":"es","@id":"https:\/\/nextlabcolombia.com\/index.php\/producto\/casetas-de-laboratorio-moviles\/#primaryimage","url":"https:\/\/nextlabcolombia.com\/wp-content\/uploads\/2023\/08\/Imagen15.jpg","contentUrl":"https:\/\/nextlabcolombia.com\/wp-content\/uploads\/2023\/08\/Imagen15.jpg","width":304,"height":228},{"@type":"BreadcrumbList","@id":"https:\/\/nextlabcolombia.com\/index.php\/producto\/casetas-de-laboratorio-moviles\/#breadcrumb","itemListElement":[{"@type":"ListItem","position":1,"name":"Portada","item":"https:\/\/nextlabcolombia.com\/"},{"@type":"ListItem","position":2,"name":"Tienda","item":"https:\/\/nextlabcolombia.com\/index.php\/tienda\/"},{"@type":"ListItem","position":3,"name":"Casetas de Laboratorio M\u00f3viles"}]},{"@type":"WebSite","@id":"https:\/\/nextlabcolombia.com\/#website","url":"https:\/\/nextlabcolombia.com\/","name":"Next Lab Colombia","description":"","publisher":{"@id":"https:\/\/nextlabcolombia.com\/#organization"},"potentialAction":[{"@type":"SearchAction","target":{"@type":"EntryPoint","urlTemplate":"https:\/\/nextlabcolombia.com\/?s={search_term_string}"},"query-input":{"@type":"PropertyValueSpecification","valueRequired":true,"valueName":"search_term_string"}}],"inLanguage":"es"},{"@type":"Organization","@id":"https:\/\/nextlabcolombia.com\/#organization","name":"Next Lab Colombia","url":"https:\/\/nextlabcolombia.com\/","logo":{"@type":"ImageObject","inLanguage":"es","@id":"https:\/\/nextlabcolombia.com\/#\/schema\/logo\/image\/","url":"https:\/\/nextlabcolombia.com\/wp-content\/uploads\/2023\/03\/LOGO-NEXT-LAB.png","contentUrl":"https:\/\/nextlabcolombia.com\/wp-content\/uploads\/2023\/03\/LOGO-NEXT-LAB.png","width":967,"height":1038,"caption":"Next Lab Colombia"},"image":{"@id":"https:\/\/nextlabcolombia.com\/#\/schema\/logo\/image\/"}}]}},"_links":{"self":[{"href":"https:\/\/nextlabcolombia.com\/index.php\/wp-json\/wp\/v2\/product\/921","targetHints":{"allow":["GET"]}}],"collection":[{"href":"https:\/\/nextlabcolombia.com\/index.php\/wp-json\/wp\/v2\/product"}],"about":[{"href":"https:\/\/nextlabcolombia.com\/index.php\/wp-json\/wp\/v2\/types\/product"}],"replies":[{"embeddable":true,"href":"https:\/\/nextlabcolombia.com\/index.php\/wp-json\/wp\/v2\/comments?post=921"}],"wp:featuredmedia":[{"embeddable":true,"href":"https:\/\/nextlabcolombia.com\/index.php\/wp-json\/wp\/v2\/media\/922"}],"wp:attachment":[{"href":"https:\/\/nextlabcolombia.com\/index.php\/wp-json\/wp\/v2\/media?parent=921"}],"wp:term":[{"taxonomy":"product_cat","embeddable":true,"href":"https:\/\/nextlabcolombia.com\/index.php\/wp-json\/wp\/v2\/product_cat?post=921"},{"taxonomy":"product_tag","embeddable":true,"href":"https:\/\/nextlabcolombia.com\/index.php\/wp-json\/wp\/v2\/product_tag?post=921"}],"curies":[{"name":"wp","href":"https:\/\/api.w.org\/{rel}","templated":true}]}}