{"id":914,"date":"2023-08-15T04:59:19","date_gmt":"2023-08-15T04:59:19","guid":{"rendered":"https:\/\/nextlabcolombia.com\/?post_type=product&#038;p=914"},"modified":"2023-08-31T16:45:23","modified_gmt":"2023-08-31T16:45:23","slug":"gabinetes-de-almacenamiento","status":"publish","type":"product","link":"https:\/\/nextlabcolombia.com\/index.php\/producto\/gabinetes-de-almacenamiento\/","title":{"rendered":"Gabinetes de almacenamiento"},"content":{"rendered":"<p><a href='https:\/\/nextlabcolombia.com\/wp-content\/uploads\/2023\/08\/Ficha-Tecnica-Gabinetes-de-almacenamiento.pdf' class='small-button smallgreen' target=\"_blank\">Descargar ficha t\u00e9cnica<\/a><br \/>\n<a href='https:\/\/nextlabcolombia.com\/index.php\/formulario-de-cotizacion\/' class='small-button smallblue' target=\"_blank\">Realizar Cotizaci\u00f3n<\/a><\/p>\n<ul>\n<li>Gabinetes dise\u00f1ados para la organizaci\u00f3n y almacenamiento de productos qu\u00edmicos d<\/li>\n<li>Mobiliarios personalizados seg\u00fan las necesidades<\/li>\n<li>Fabricados en acero inoxidable o acero cold Rolled<\/li>\n<li>Comprenden sistemas de rodachines para mejor manejo<\/li>\n<li>Se adecuan f\u00e1cilmente al espacio solicitado<\/li>\n<\/ul>\n","protected":false},"excerpt":{"rendered":"<p><a href='https:\/\/nextlabcolombia.com\/wp-content\/uploads\/2023\/08\/Ficha-Tecnica-Gabinetes-de-almacenamiento.pdf' class='small-button smallgreen' target=\"_blank\">Descargar ficha t\u00e9cnica<\/a><br \/>\n<a href='https:\/\/nextlabcolombia.com\/index.php\/formulario-de-cotizacion\/' class='small-button smallblue' target=\"_blank\">Realizar Cotizaci\u00f3n<\/a><\/p>\n<ul>\n<li>Gabinetes dise\u00f1ados para la organizaci\u00f3n y almacenamiento de productos qu\u00edmicos d<\/li>\n<li>Mobiliarios personalizados seg\u00fan las necesidades<\/li>\n<li>Fabricados en acero inoxidable o acero cold Rolled<\/li>\n<li>Comprenden sistemas de rodachines para mejor manejo<\/li>\n<li>Se adecuan f\u00e1cilmente al espacio solicitado<\/li>\n<\/ul>\n","protected":false},"featured_media":488,"comment_status":"open","ping_status":"closed","template":"","meta":{"_et_pb_use_builder":"","_et_pb_old_content":"","_et_gb_content_width":"","_monsterinsights_skip_tracking":false,"_monsterinsights_sitenote_active":false,"_monsterinsights_sitenote_note":"","_monsterinsights_sitenote_category":0,"_joinchat":[]},"product_cat":[140,139],"product_tag":[],"class_list":{"0":"post-914","1":"product","2":"type-product","3":"status-publish","4":"has-post-thumbnail","6":"product_cat-gabinetes-almacenamiento","7":"product_cat-mobiliario-y-gabinetes","9":"first","10":"instock","11":"taxable","12":"shipping-taxable","13":"product-type-simple"},"yoast_head":"<!-- This site is optimized with the Yoast SEO plugin v23.6 - https:\/\/yoast.com\/wordpress\/plugins\/seo\/ -->\n<title>Gabinetes de almacenamiento - Next Lab Colombia<\/title>\n<meta name=\"robots\" content=\"index, follow, max-snippet:-1, max-image-preview:large, max-video-preview:-1\" \/>\n<link rel=\"canonical\" href=\"https:\/\/nextlabcolombia.com\/index.php\/producto\/gabinetes-de-almacenamiento\/\" \/>\n<meta property=\"og:locale\" content=\"es_ES\" \/>\n<meta property=\"og:type\" content=\"article\" \/>\n<meta property=\"og:title\" content=\"Gabinetes de almacenamiento - Next Lab Colombia\" \/>\n<meta property=\"og:description\" content=\"Gabinetes dise\u00f1ados para la organizaci\u00f3n y almacenamiento de productos qu\u00edmicos d  Mobiliarios personalizados seg\u00fan las necesidades  Fabricados en acero inoxidable o acero cold Rolled  Comprenden sistemas de rodachines para mejor manejo  Se adecuan f\u00e1cilmente al espacio solicitado\" \/>\n<meta property=\"og:url\" content=\"https:\/\/nextlabcolombia.com\/index.php\/producto\/gabinetes-de-almacenamiento\/\" \/>\n<meta property=\"og:site_name\" content=\"Next Lab Colombia\" \/>\n<meta property=\"article:modified_time\" content=\"2023-08-31T16:45:23+00:00\" \/>\n<meta property=\"og:image\" content=\"https:\/\/nextlabcolombia.com\/wp-content\/uploads\/2023\/04\/Gabinete-para-almacenar-reactivos-tipo-4.png\" \/>\n\t<meta property=\"og:image:width\" content=\"720\" \/>\n\t<meta property=\"og:image:height\" content=\"960\" \/>\n\t<meta property=\"og:image:type\" content=\"image\/png\" \/>\n<meta name=\"twitter:card\" content=\"summary_large_image\" \/>\n<meta name=\"twitter:label1\" content=\"Tiempo de lectura\" \/>\n\t<meta name=\"twitter:data1\" content=\"1 minuto\" \/>\n<script type=\"application\/ld+json\" class=\"yoast-schema-graph\">{\"@context\":\"https:\/\/schema.org\",\"@graph\":[{\"@type\":\"WebPage\",\"@id\":\"https:\/\/nextlabcolombia.com\/index.php\/producto\/gabinetes-de-almacenamiento\/\",\"url\":\"https:\/\/nextlabcolombia.com\/index.php\/producto\/gabinetes-de-almacenamiento\/\",\"name\":\"Gabinetes de almacenamiento - Next Lab Colombia\",\"isPartOf\":{\"@id\":\"https:\/\/nextlabcolombia.com\/#website\"},\"primaryImageOfPage\":{\"@id\":\"https:\/\/nextlabcolombia.com\/index.php\/producto\/gabinetes-de-almacenamiento\/#primaryimage\"},\"image\":{\"@id\":\"https:\/\/nextlabcolombia.com\/index.php\/producto\/gabinetes-de-almacenamiento\/#primaryimage\"},\"thumbnailUrl\":\"https:\/\/nextlabcolombia.com\/wp-content\/uploads\/2023\/04\/Gabinete-para-almacenar-reactivos-tipo-4.png\",\"datePublished\":\"2023-08-15T04:59:19+00:00\",\"dateModified\":\"2023-08-31T16:45:23+00:00\",\"breadcrumb\":{\"@id\":\"https:\/\/nextlabcolombia.com\/index.php\/producto\/gabinetes-de-almacenamiento\/#breadcrumb\"},\"inLanguage\":\"es\",\"potentialAction\":[{\"@type\":\"ReadAction\",\"target\":[\"https:\/\/nextlabcolombia.com\/index.php\/producto\/gabinetes-de-almacenamiento\/\"]}]},{\"@type\":\"ImageObject\",\"inLanguage\":\"es\",\"@id\":\"https:\/\/nextlabcolombia.com\/index.php\/producto\/gabinetes-de-almacenamiento\/#primaryimage\",\"url\":\"https:\/\/nextlabcolombia.com\/wp-content\/uploads\/2023\/04\/Gabinete-para-almacenar-reactivos-tipo-4.png\",\"contentUrl\":\"https:\/\/nextlabcolombia.com\/wp-content\/uploads\/2023\/04\/Gabinete-para-almacenar-reactivos-tipo-4.png\",\"width\":720,\"height\":960},{\"@type\":\"BreadcrumbList\",\"@id\":\"https:\/\/nextlabcolombia.com\/index.php\/producto\/gabinetes-de-almacenamiento\/#breadcrumb\",\"itemListElement\":[{\"@type\":\"ListItem\",\"position\":1,\"name\":\"Portada\",\"item\":\"https:\/\/nextlabcolombia.com\/\"},{\"@type\":\"ListItem\",\"position\":2,\"name\":\"Tienda\",\"item\":\"https:\/\/nextlabcolombia.com\/index.php\/tienda\/\"},{\"@type\":\"ListItem\",\"position\":3,\"name\":\"Gabinetes de almacenamiento\"}]},{\"@type\":\"WebSite\",\"@id\":\"https:\/\/nextlabcolombia.com\/#website\",\"url\":\"https:\/\/nextlabcolombia.com\/\",\"name\":\"Next Lab Colombia\",\"description\":\"\",\"publisher\":{\"@id\":\"https:\/\/nextlabcolombia.com\/#organization\"},\"potentialAction\":[{\"@type\":\"SearchAction\",\"target\":{\"@type\":\"EntryPoint\",\"urlTemplate\":\"https:\/\/nextlabcolombia.com\/?s={search_term_string}\"},\"query-input\":{\"@type\":\"PropertyValueSpecification\",\"valueRequired\":true,\"valueName\":\"search_term_string\"}}],\"inLanguage\":\"es\"},{\"@type\":\"Organization\",\"@id\":\"https:\/\/nextlabcolombia.com\/#organization\",\"name\":\"Next Lab Colombia\",\"url\":\"https:\/\/nextlabcolombia.com\/\",\"logo\":{\"@type\":\"ImageObject\",\"inLanguage\":\"es\",\"@id\":\"https:\/\/nextlabcolombia.com\/#\/schema\/logo\/image\/\",\"url\":\"https:\/\/nextlabcolombia.com\/wp-content\/uploads\/2023\/03\/LOGO-NEXT-LAB.png\",\"contentUrl\":\"https:\/\/nextlabcolombia.com\/wp-content\/uploads\/2023\/03\/LOGO-NEXT-LAB.png\",\"width\":967,\"height\":1038,\"caption\":\"Next Lab Colombia\"},\"image\":{\"@id\":\"https:\/\/nextlabcolombia.com\/#\/schema\/logo\/image\/\"}}]}<\/script>\n<!-- \/ Yoast SEO plugin. -->","yoast_head_json":{"title":"Gabinetes de almacenamiento - Next Lab Colombia","robots":{"index":"index","follow":"follow","max-snippet":"max-snippet:-1","max-image-preview":"max-image-preview:large","max-video-preview":"max-video-preview:-1"},"canonical":"https:\/\/nextlabcolombia.com\/index.php\/producto\/gabinetes-de-almacenamiento\/","og_locale":"es_ES","og_type":"article","og_title":"Gabinetes de almacenamiento - Next Lab Colombia","og_description":"Gabinetes dise\u00f1ados para la organizaci\u00f3n y almacenamiento de productos qu\u00edmicos d  Mobiliarios personalizados seg\u00fan las necesidades  Fabricados en acero inoxidable o acero cold Rolled  Comprenden sistemas de rodachines para mejor manejo  Se adecuan f\u00e1cilmente al espacio solicitado","og_url":"https:\/\/nextlabcolombia.com\/index.php\/producto\/gabinetes-de-almacenamiento\/","og_site_name":"Next Lab Colombia","article_modified_time":"2023-08-31T16:45:23+00:00","og_image":[{"width":720,"height":960,"url":"https:\/\/nextlabcolombia.com\/wp-content\/uploads\/2023\/04\/Gabinete-para-almacenar-reactivos-tipo-4.png","type":"image\/png"}],"twitter_card":"summary_large_image","twitter_misc":{"Tiempo de lectura":"1 minuto"},"schema":{"@context":"https:\/\/schema.org","@graph":[{"@type":"WebPage","@id":"https:\/\/nextlabcolombia.com\/index.php\/producto\/gabinetes-de-almacenamiento\/","url":"https:\/\/nextlabcolombia.com\/index.php\/producto\/gabinetes-de-almacenamiento\/","name":"Gabinetes de almacenamiento - Next Lab Colombia","isPartOf":{"@id":"https:\/\/nextlabcolombia.com\/#website"},"primaryImageOfPage":{"@id":"https:\/\/nextlabcolombia.com\/index.php\/producto\/gabinetes-de-almacenamiento\/#primaryimage"},"image":{"@id":"https:\/\/nextlabcolombia.com\/index.php\/producto\/gabinetes-de-almacenamiento\/#primaryimage"},"thumbnailUrl":"https:\/\/nextlabcolombia.com\/wp-content\/uploads\/2023\/04\/Gabinete-para-almacenar-reactivos-tipo-4.png","datePublished":"2023-08-15T04:59:19+00:00","dateModified":"2023-08-31T16:45:23+00:00","breadcrumb":{"@id":"https:\/\/nextlabcolombia.com\/index.php\/producto\/gabinetes-de-almacenamiento\/#breadcrumb"},"inLanguage":"es","potentialAction":[{"@type":"ReadAction","target":["https:\/\/nextlabcolombia.com\/index.php\/producto\/gabinetes-de-almacenamiento\/"]}]},{"@type":"ImageObject","inLanguage":"es","@id":"https:\/\/nextlabcolombia.com\/index.php\/producto\/gabinetes-de-almacenamiento\/#primaryimage","url":"https:\/\/nextlabcolombia.com\/wp-content\/uploads\/2023\/04\/Gabinete-para-almacenar-reactivos-tipo-4.png","contentUrl":"https:\/\/nextlabcolombia.com\/wp-content\/uploads\/2023\/04\/Gabinete-para-almacenar-reactivos-tipo-4.png","width":720,"height":960},{"@type":"BreadcrumbList","@id":"https:\/\/nextlabcolombia.com\/index.php\/producto\/gabinetes-de-almacenamiento\/#breadcrumb","itemListElement":[{"@type":"ListItem","position":1,"name":"Portada","item":"https:\/\/nextlabcolombia.com\/"},{"@type":"ListItem","position":2,"name":"Tienda","item":"https:\/\/nextlabcolombia.com\/index.php\/tienda\/"},{"@type":"ListItem","position":3,"name":"Gabinetes de almacenamiento"}]},{"@type":"WebSite","@id":"https:\/\/nextlabcolombia.com\/#website","url":"https:\/\/nextlabcolombia.com\/","name":"Next Lab Colombia","description":"","publisher":{"@id":"https:\/\/nextlabcolombia.com\/#organization"},"potentialAction":[{"@type":"SearchAction","target":{"@type":"EntryPoint","urlTemplate":"https:\/\/nextlabcolombia.com\/?s={search_term_string}"},"query-input":{"@type":"PropertyValueSpecification","valueRequired":true,"valueName":"search_term_string"}}],"inLanguage":"es"},{"@type":"Organization","@id":"https:\/\/nextlabcolombia.com\/#organization","name":"Next Lab Colombia","url":"https:\/\/nextlabcolombia.com\/","logo":{"@type":"ImageObject","inLanguage":"es","@id":"https:\/\/nextlabcolombia.com\/#\/schema\/logo\/image\/","url":"https:\/\/nextlabcolombia.com\/wp-content\/uploads\/2023\/03\/LOGO-NEXT-LAB.png","contentUrl":"https:\/\/nextlabcolombia.com\/wp-content\/uploads\/2023\/03\/LOGO-NEXT-LAB.png","width":967,"height":1038,"caption":"Next Lab Colombia"},"image":{"@id":"https:\/\/nextlabcolombia.com\/#\/schema\/logo\/image\/"}}]}},"_links":{"self":[{"href":"https:\/\/nextlabcolombia.com\/index.php\/wp-json\/wp\/v2\/product\/914","targetHints":{"allow":["GET"]}}],"collection":[{"href":"https:\/\/nextlabcolombia.com\/index.php\/wp-json\/wp\/v2\/product"}],"about":[{"href":"https:\/\/nextlabcolombia.com\/index.php\/wp-json\/wp\/v2\/types\/product"}],"replies":[{"embeddable":true,"href":"https:\/\/nextlabcolombia.com\/index.php\/wp-json\/wp\/v2\/comments?post=914"}],"wp:featuredmedia":[{"embeddable":true,"href":"https:\/\/nextlabcolombia.com\/index.php\/wp-json\/wp\/v2\/media\/488"}],"wp:attachment":[{"href":"https:\/\/nextlabcolombia.com\/index.php\/wp-json\/wp\/v2\/media?parent=914"}],"wp:term":[{"taxonomy":"product_cat","embeddable":true,"href":"https:\/\/nextlabcolombia.com\/index.php\/wp-json\/wp\/v2\/product_cat?post=914"},{"taxonomy":"product_tag","embeddable":true,"href":"https:\/\/nextlabcolombia.com\/index.php\/wp-json\/wp\/v2\/product_tag?post=914"}],"curies":[{"name":"wp","href":"https:\/\/api.w.org\/{rel}","templated":true}]}}