{"id":909,"date":"2023-08-15T04:47:41","date_gmt":"2023-08-15T04:47:41","guid":{"rendered":"https:\/\/nextlabcolombia.com\/?post_type=product&#038;p=909"},"modified":"2023-08-31T16:47:22","modified_gmt":"2023-08-31T16:47:22","slug":"camara-de-demanda-biologica-de-oxigeno-dbo","status":"publish","type":"product","link":"https:\/\/nextlabcolombia.com\/index.php\/producto\/camara-de-demanda-biologica-de-oxigeno-dbo\/","title":{"rendered":"C\u00e1mara de Demanda Biol\u00f3gica de Ox\u00edgeno (DBO)"},"content":{"rendered":"<p><a href='https:\/\/nextlabcolombia.com\/wp-content\/uploads\/2023\/08\/Ficha-Tecnica-Camara-de-demanda-biologica-de-oxigeno-DBO.pdf' class='small-button smallgreen' target=\"_blank\">Descargar ficha t\u00e9cnica<\/a><br \/>\n<a href='https:\/\/nextlabcolombia.com\/index.php\/formulario-de-cotizacion\/' class='small-button smallblue' target=\"_blank\">Realizar Cotizaci\u00f3n<\/a><\/p>\n<ul>\n<li>Equipo dise\u00f1o en forma de c\u00e1mara para pruebas de demanda biol\u00f3gica de ox\u00edgeno como por ejemplo de estabilidad o fermentaci\u00f3n<\/li>\n<li>Fabricada en acero inoxidable o acero cold Rolled<\/li>\n<li>Propio regulador de temperatura de car\u00e1cter electr\u00f3nico y digital<\/li>\n<li>Las temperaturas con las que trabajas est\u00e1n entre los cuatro grados y 50 grados Celsius<\/li>\n<li>Comprende un sistema de circulaci\u00f3n de aire interno que garantiza estabilidad t\u00e9rmica por su dise\u00f1o eficiente<\/li>\n<li>Alta eficiencia para determinaciones de cantidad de demanda de ox\u00edgeno biol\u00f3gico en aguas residuales<\/li>\n<\/ul>\n","protected":false},"excerpt":{"rendered":"<p><a href='https:\/\/nextlabcolombia.com\/wp-content\/uploads\/2023\/08\/Ficha-Tecnica-Camara-de-demanda-biologica-de-oxigeno-DBO.pdf' class='small-button smallgreen' target=\"_blank\">Descargar ficha t\u00e9cnica<\/a><br \/>\n<a href='https:\/\/nextlabcolombia.com\/index.php\/formulario-de-cotizacion\/' class='small-button smallblue' target=\"_blank\">Realizar Cotizaci\u00f3n<\/a><\/p>\n<ul>\n<li>Equipo dise\u00f1o en forma de c\u00e1mara para pruebas de demanda biol\u00f3gica de ox\u00edgeno como por ejemplo de estabilidad o fermentaci\u00f3n<\/li>\n<li>Fabricada en acero inoxidable o acero cold Rolled<\/li>\n<li>Propio regulador de temperatura de car\u00e1cter electr\u00f3nico y digital<\/li>\n<li>Las temperaturas con las que trabajas est\u00e1n entre los cuatro grados y 50 grados Celsius<\/li>\n<li>Comprende un sistema de circulaci\u00f3n de aire interno que garantiza estabilidad t\u00e9rmica por su dise\u00f1o eficiente<\/li>\n<li>Alta eficiencia para determinaciones de cantidad de demanda de ox\u00edgeno biol\u00f3gico en aguas residuales<\/li>\n<\/ul>\n","protected":false},"featured_media":910,"comment_status":"open","ping_status":"closed","template":"","meta":{"_et_pb_use_builder":"","_et_pb_old_content":"","_et_gb_content_width":"","_monsterinsights_skip_tracking":false,"_monsterinsights_sitenote_active":false,"_monsterinsights_sitenote_note":"","_monsterinsights_sitenote_category":0,"_joinchat":[]},"product_cat":[134,127],"product_tag":[],"class_list":{"0":"post-909","1":"product","2":"type-product","3":"status-publish","4":"has-post-thumbnail","6":"product_cat-camara-dbo","7":"product_cat-equipos-de-preparacion-y-manipulacion-de-muestras","9":"first","10":"instock","11":"taxable","12":"shipping-taxable","13":"product-type-simple"},"yoast_head":"<!-- This site is optimized with the Yoast SEO plugin v23.6 - https:\/\/yoast.com\/wordpress\/plugins\/seo\/ -->\n<title>C\u00e1mara de Demanda Biol\u00f3gica de Ox\u00edgeno (DBO) - Next Lab Colombia<\/title>\n<meta name=\"robots\" content=\"index, follow, max-snippet:-1, max-image-preview:large, max-video-preview:-1\" \/>\n<link rel=\"canonical\" href=\"https:\/\/nextlabcolombia.com\/index.php\/producto\/camara-de-demanda-biologica-de-oxigeno-dbo\/\" \/>\n<meta property=\"og:locale\" content=\"es_ES\" \/>\n<meta property=\"og:type\" content=\"article\" \/>\n<meta property=\"og:title\" content=\"C\u00e1mara de Demanda Biol\u00f3gica de Ox\u00edgeno (DBO) - Next Lab Colombia\" \/>\n<meta property=\"og:description\" content=\"Equipo dise\u00f1o en forma de c\u00e1mara para pruebas de demanda biol\u00f3gica de ox\u00edgeno como por ejemplo de estabilidad o fermentaci\u00f3n  Fabricada en acero inoxidable o acero cold Rolled  Propio regulador de temperatura de car\u00e1cter electr\u00f3nico y digital  Las temperaturas con las que trabajas est\u00e1n entre los cuatro grados y 50 grados Celsius  Comprende un sistema de circulaci\u00f3n de aire interno que garantiza estabilidad t\u00e9rmica por su dise\u00f1o eficiente  Alta eficiencia para determinaciones de cantidad de demanda de ox\u00edgeno biol\u00f3gico en aguas residuales\" \/>\n<meta property=\"og:url\" content=\"https:\/\/nextlabcolombia.com\/index.php\/producto\/camara-de-demanda-biologica-de-oxigeno-dbo\/\" \/>\n<meta property=\"og:site_name\" content=\"Next Lab Colombia\" \/>\n<meta property=\"article:modified_time\" content=\"2023-08-31T16:47:22+00:00\" \/>\n<meta property=\"og:image\" content=\"https:\/\/nextlabcolombia.com\/wp-content\/uploads\/2023\/08\/Imagen11.png\" \/>\n\t<meta property=\"og:image:width\" content=\"721\" \/>\n\t<meta property=\"og:image:height\" content=\"539\" \/>\n\t<meta property=\"og:image:type\" content=\"image\/png\" \/>\n<meta name=\"twitter:card\" content=\"summary_large_image\" \/>\n<meta name=\"twitter:label1\" content=\"Tiempo de lectura\" \/>\n\t<meta name=\"twitter:data1\" content=\"1 minuto\" \/>\n<script type=\"application\/ld+json\" class=\"yoast-schema-graph\">{\"@context\":\"https:\/\/schema.org\",\"@graph\":[{\"@type\":\"WebPage\",\"@id\":\"https:\/\/nextlabcolombia.com\/index.php\/producto\/camara-de-demanda-biologica-de-oxigeno-dbo\/\",\"url\":\"https:\/\/nextlabcolombia.com\/index.php\/producto\/camara-de-demanda-biologica-de-oxigeno-dbo\/\",\"name\":\"C\u00e1mara de Demanda Biol\u00f3gica de Ox\u00edgeno (DBO) - Next Lab Colombia\",\"isPartOf\":{\"@id\":\"https:\/\/nextlabcolombia.com\/#website\"},\"primaryImageOfPage\":{\"@id\":\"https:\/\/nextlabcolombia.com\/index.php\/producto\/camara-de-demanda-biologica-de-oxigeno-dbo\/#primaryimage\"},\"image\":{\"@id\":\"https:\/\/nextlabcolombia.com\/index.php\/producto\/camara-de-demanda-biologica-de-oxigeno-dbo\/#primaryimage\"},\"thumbnailUrl\":\"https:\/\/nextlabcolombia.com\/wp-content\/uploads\/2023\/08\/Imagen11.png\",\"datePublished\":\"2023-08-15T04:47:41+00:00\",\"dateModified\":\"2023-08-31T16:47:22+00:00\",\"breadcrumb\":{\"@id\":\"https:\/\/nextlabcolombia.com\/index.php\/producto\/camara-de-demanda-biologica-de-oxigeno-dbo\/#breadcrumb\"},\"inLanguage\":\"es\",\"potentialAction\":[{\"@type\":\"ReadAction\",\"target\":[\"https:\/\/nextlabcolombia.com\/index.php\/producto\/camara-de-demanda-biologica-de-oxigeno-dbo\/\"]}]},{\"@type\":\"ImageObject\",\"inLanguage\":\"es\",\"@id\":\"https:\/\/nextlabcolombia.com\/index.php\/producto\/camara-de-demanda-biologica-de-oxigeno-dbo\/#primaryimage\",\"url\":\"https:\/\/nextlabcolombia.com\/wp-content\/uploads\/2023\/08\/Imagen11.png\",\"contentUrl\":\"https:\/\/nextlabcolombia.com\/wp-content\/uploads\/2023\/08\/Imagen11.png\",\"width\":721,\"height\":539},{\"@type\":\"BreadcrumbList\",\"@id\":\"https:\/\/nextlabcolombia.com\/index.php\/producto\/camara-de-demanda-biologica-de-oxigeno-dbo\/#breadcrumb\",\"itemListElement\":[{\"@type\":\"ListItem\",\"position\":1,\"name\":\"Portada\",\"item\":\"https:\/\/nextlabcolombia.com\/\"},{\"@type\":\"ListItem\",\"position\":2,\"name\":\"Tienda\",\"item\":\"https:\/\/nextlabcolombia.com\/index.php\/tienda\/\"},{\"@type\":\"ListItem\",\"position\":3,\"name\":\"C\u00e1mara de Demanda Biol\u00f3gica de Ox\u00edgeno (DBO)\"}]},{\"@type\":\"WebSite\",\"@id\":\"https:\/\/nextlabcolombia.com\/#website\",\"url\":\"https:\/\/nextlabcolombia.com\/\",\"name\":\"Next Lab Colombia\",\"description\":\"\",\"publisher\":{\"@id\":\"https:\/\/nextlabcolombia.com\/#organization\"},\"potentialAction\":[{\"@type\":\"SearchAction\",\"target\":{\"@type\":\"EntryPoint\",\"urlTemplate\":\"https:\/\/nextlabcolombia.com\/?s={search_term_string}\"},\"query-input\":{\"@type\":\"PropertyValueSpecification\",\"valueRequired\":true,\"valueName\":\"search_term_string\"}}],\"inLanguage\":\"es\"},{\"@type\":\"Organization\",\"@id\":\"https:\/\/nextlabcolombia.com\/#organization\",\"name\":\"Next Lab Colombia\",\"url\":\"https:\/\/nextlabcolombia.com\/\",\"logo\":{\"@type\":\"ImageObject\",\"inLanguage\":\"es\",\"@id\":\"https:\/\/nextlabcolombia.com\/#\/schema\/logo\/image\/\",\"url\":\"https:\/\/nextlabcolombia.com\/wp-content\/uploads\/2023\/03\/LOGO-NEXT-LAB.png\",\"contentUrl\":\"https:\/\/nextlabcolombia.com\/wp-content\/uploads\/2023\/03\/LOGO-NEXT-LAB.png\",\"width\":967,\"height\":1038,\"caption\":\"Next Lab Colombia\"},\"image\":{\"@id\":\"https:\/\/nextlabcolombia.com\/#\/schema\/logo\/image\/\"}}]}<\/script>\n<!-- \/ Yoast SEO plugin. -->","yoast_head_json":{"title":"C\u00e1mara de Demanda Biol\u00f3gica de Ox\u00edgeno (DBO) - Next Lab Colombia","robots":{"index":"index","follow":"follow","max-snippet":"max-snippet:-1","max-image-preview":"max-image-preview:large","max-video-preview":"max-video-preview:-1"},"canonical":"https:\/\/nextlabcolombia.com\/index.php\/producto\/camara-de-demanda-biologica-de-oxigeno-dbo\/","og_locale":"es_ES","og_type":"article","og_title":"C\u00e1mara de Demanda Biol\u00f3gica de Ox\u00edgeno (DBO) - Next Lab Colombia","og_description":"Equipo dise\u00f1o en forma de c\u00e1mara para pruebas de demanda biol\u00f3gica de ox\u00edgeno como por ejemplo de estabilidad o fermentaci\u00f3n  Fabricada en acero inoxidable o acero cold Rolled  Propio regulador de temperatura de car\u00e1cter electr\u00f3nico y digital  Las temperaturas con las que trabajas est\u00e1n entre los cuatro grados y 50 grados Celsius  Comprende un sistema de circulaci\u00f3n de aire interno que garantiza estabilidad t\u00e9rmica por su dise\u00f1o eficiente  Alta eficiencia para determinaciones de cantidad de demanda de ox\u00edgeno biol\u00f3gico en aguas residuales","og_url":"https:\/\/nextlabcolombia.com\/index.php\/producto\/camara-de-demanda-biologica-de-oxigeno-dbo\/","og_site_name":"Next Lab Colombia","article_modified_time":"2023-08-31T16:47:22+00:00","og_image":[{"width":721,"height":539,"url":"https:\/\/nextlabcolombia.com\/wp-content\/uploads\/2023\/08\/Imagen11.png","type":"image\/png"}],"twitter_card":"summary_large_image","twitter_misc":{"Tiempo de lectura":"1 minuto"},"schema":{"@context":"https:\/\/schema.org","@graph":[{"@type":"WebPage","@id":"https:\/\/nextlabcolombia.com\/index.php\/producto\/camara-de-demanda-biologica-de-oxigeno-dbo\/","url":"https:\/\/nextlabcolombia.com\/index.php\/producto\/camara-de-demanda-biologica-de-oxigeno-dbo\/","name":"C\u00e1mara de Demanda Biol\u00f3gica de Ox\u00edgeno (DBO) - Next Lab Colombia","isPartOf":{"@id":"https:\/\/nextlabcolombia.com\/#website"},"primaryImageOfPage":{"@id":"https:\/\/nextlabcolombia.com\/index.php\/producto\/camara-de-demanda-biologica-de-oxigeno-dbo\/#primaryimage"},"image":{"@id":"https:\/\/nextlabcolombia.com\/index.php\/producto\/camara-de-demanda-biologica-de-oxigeno-dbo\/#primaryimage"},"thumbnailUrl":"https:\/\/nextlabcolombia.com\/wp-content\/uploads\/2023\/08\/Imagen11.png","datePublished":"2023-08-15T04:47:41+00:00","dateModified":"2023-08-31T16:47:22+00:00","breadcrumb":{"@id":"https:\/\/nextlabcolombia.com\/index.php\/producto\/camara-de-demanda-biologica-de-oxigeno-dbo\/#breadcrumb"},"inLanguage":"es","potentialAction":[{"@type":"ReadAction","target":["https:\/\/nextlabcolombia.com\/index.php\/producto\/camara-de-demanda-biologica-de-oxigeno-dbo\/"]}]},{"@type":"ImageObject","inLanguage":"es","@id":"https:\/\/nextlabcolombia.com\/index.php\/producto\/camara-de-demanda-biologica-de-oxigeno-dbo\/#primaryimage","url":"https:\/\/nextlabcolombia.com\/wp-content\/uploads\/2023\/08\/Imagen11.png","contentUrl":"https:\/\/nextlabcolombia.com\/wp-content\/uploads\/2023\/08\/Imagen11.png","width":721,"height":539},{"@type":"BreadcrumbList","@id":"https:\/\/nextlabcolombia.com\/index.php\/producto\/camara-de-demanda-biologica-de-oxigeno-dbo\/#breadcrumb","itemListElement":[{"@type":"ListItem","position":1,"name":"Portada","item":"https:\/\/nextlabcolombia.com\/"},{"@type":"ListItem","position":2,"name":"Tienda","item":"https:\/\/nextlabcolombia.com\/index.php\/tienda\/"},{"@type":"ListItem","position":3,"name":"C\u00e1mara de Demanda Biol\u00f3gica de Ox\u00edgeno (DBO)"}]},{"@type":"WebSite","@id":"https:\/\/nextlabcolombia.com\/#website","url":"https:\/\/nextlabcolombia.com\/","name":"Next Lab Colombia","description":"","publisher":{"@id":"https:\/\/nextlabcolombia.com\/#organization"},"potentialAction":[{"@type":"SearchAction","target":{"@type":"EntryPoint","urlTemplate":"https:\/\/nextlabcolombia.com\/?s={search_term_string}"},"query-input":{"@type":"PropertyValueSpecification","valueRequired":true,"valueName":"search_term_string"}}],"inLanguage":"es"},{"@type":"Organization","@id":"https:\/\/nextlabcolombia.com\/#organization","name":"Next Lab Colombia","url":"https:\/\/nextlabcolombia.com\/","logo":{"@type":"ImageObject","inLanguage":"es","@id":"https:\/\/nextlabcolombia.com\/#\/schema\/logo\/image\/","url":"https:\/\/nextlabcolombia.com\/wp-content\/uploads\/2023\/03\/LOGO-NEXT-LAB.png","contentUrl":"https:\/\/nextlabcolombia.com\/wp-content\/uploads\/2023\/03\/LOGO-NEXT-LAB.png","width":967,"height":1038,"caption":"Next Lab Colombia"},"image":{"@id":"https:\/\/nextlabcolombia.com\/#\/schema\/logo\/image\/"}}]}},"_links":{"self":[{"href":"https:\/\/nextlabcolombia.com\/index.php\/wp-json\/wp\/v2\/product\/909","targetHints":{"allow":["GET"]}}],"collection":[{"href":"https:\/\/nextlabcolombia.com\/index.php\/wp-json\/wp\/v2\/product"}],"about":[{"href":"https:\/\/nextlabcolombia.com\/index.php\/wp-json\/wp\/v2\/types\/product"}],"replies":[{"embeddable":true,"href":"https:\/\/nextlabcolombia.com\/index.php\/wp-json\/wp\/v2\/comments?post=909"}],"wp:featuredmedia":[{"embeddable":true,"href":"https:\/\/nextlabcolombia.com\/index.php\/wp-json\/wp\/v2\/media\/910"}],"wp:attachment":[{"href":"https:\/\/nextlabcolombia.com\/index.php\/wp-json\/wp\/v2\/media?parent=909"}],"wp:term":[{"taxonomy":"product_cat","embeddable":true,"href":"https:\/\/nextlabcolombia.com\/index.php\/wp-json\/wp\/v2\/product_cat?post=909"},{"taxonomy":"product_tag","embeddable":true,"href":"https:\/\/nextlabcolombia.com\/index.php\/wp-json\/wp\/v2\/product_tag?post=909"}],"curies":[{"name":"wp","href":"https:\/\/api.w.org\/{rel}","templated":true}]}}