{"id":894,"date":"2023-08-15T04:18:03","date_gmt":"2023-08-15T04:18:03","guid":{"rendered":"https:\/\/nextlabcolombia.com\/?post_type=product&#038;p=894"},"modified":"2025-07-02T16:23:40","modified_gmt":"2025-07-02T16:23:40","slug":"duchas-de-emergencia","status":"publish","type":"product","link":"https:\/\/nextlabcolombia.com\/index.php\/producto\/duchas-de-emergencia\/","title":{"rendered":"Duchas de emergencia"},"content":{"rendered":"<p><a href='https:\/\/nextlabcolombia.com\/wp-content\/uploads\/2023\/08\/Ficha-Tecnica-Ducha-de-emergencia.pdf' class='small-button smallgreen' target=\"_blank\">Descargar ficha t\u00e9cnica<\/a><br \/>\n<a href='https:\/\/nextlabcolombia.com\/index.php\/formulario-de-cotizacion\/' class='small-button smallblue' target=\"_blank\">Realizar Cotizaci\u00f3n<\/a><\/p>\n<div style=\"width: 200px; height: 356px; overflow: hidden;\">\n<div style=\"width: 640px;\" class=\"wp-video\"><video class=\"wp-video-shortcode\" id=\"video-894-1\" width=\"640\" height=\"360\" preload=\"metadata\" controls=\"controls\"><source type=\"video\/mp4\" src=\"https:\/\/nextlabcolombia.com\/wp-content\/uploads\/2023\/08\/Video-duchas.mp4?_=1\" \/><a href=\"https:\/\/nextlabcolombia.com\/wp-content\/uploads\/2023\/08\/Video-duchas.mp4\">https:\/\/nextlabcolombia.com\/wp-content\/uploads\/2023\/08\/Video-duchas.mp4<\/a><\/video><\/div>\n<\/div>\n<ul>\n<li>Equipo de dise\u00f1o mixto que incluye ducha de emergencia y lava ojos en una misma estructura<\/li>\n<li>Adecuado para una reacci\u00f3n r\u00e1pida en caso de irritaci\u00f3n de piel u ojos por alg\u00fan contaminante liberado<\/li>\n<li>Fabricado en acero inoxidable<\/li>\n<li>Comprende e una v\u00e1lvula o palanca para su r\u00e1pido accionamiento<\/li>\n<li>Manejo de presi\u00f3n de agua adecuada en el caso de ducha y lavado suave de ojos<\/li>\n<li>Comprende difusores y aspersores para una mejor distribuci\u00f3n el agua por el sistema<\/li>\n<\/ul>\n<table>\n<tbody>\n<tr>\n<td width=\"294\">Modelo<\/td>\n<td width=\"294\">Especificaci\u00f3n<\/td>\n<\/tr>\n<tr>\n<td width=\"294\">Ducha de emergencia Mixta con lavaojos<\/td>\n<td width=\"294\">Entrega inmediata<\/td>\n<\/tr>\n<tr>\n<td width=\"294\">Ducha de emergencia presurizada<\/td>\n<td width=\"294\">Entrega inmediata<\/td>\n<\/tr>\n<tr>\n<td width=\"294\">Lavaojos presurizada<\/td>\n<td width=\"294\">Fecha de entrega 8 d\u00edas h\u00e1biles<\/td>\n<\/tr>\n<tr>\n<td width=\"294\">Lavaojos de pedestal<\/td>\n<td width=\"294\">Entrega inmediata<\/td>\n<\/tr>\n<tr>\n<td width=\"294\">Lavaojos\u00a0 de pared<\/td>\n<td width=\"294\">Fecha de entrega 8 d\u00edas h\u00e1biles<\/td>\n<\/tr>\n<\/tbody>\n<\/table>\n","protected":false},"excerpt":{"rendered":"<p><a href='https:\/\/nextlabcolombia.com\/wp-content\/uploads\/2023\/08\/Ficha-Tecnica-Ducha-de-emergencia.pdf' class='small-button smallgreen' target=\"_blank\">Descargar ficha t\u00e9cnica<\/a><br \/>\n<a href='https:\/\/nextlabcolombia.com\/index.php\/formulario-de-cotizacion\/' class='small-button smallblue' target=\"_blank\">Realizar Cotizaci\u00f3n<\/a><\/p>\n<ul>\n<li>Equipo de dise\u00f1o mixto que incluye ducha de emergencia y lava ojos en una misma estructura<\/li>\n<li>Adecuado para una reacci\u00f3n r\u00e1pida en caso de irritaci\u00f3n de piel u ojos por alg\u00fan contaminante liberado<\/li>\n<li>Fabricado en acero inoxidable<\/li>\n<li>Comprende e una v\u00e1lvula o palanca para su r\u00e1pido accionamiento<\/li>\n<li>Manejo de presi\u00f3n de agua adecuada en el caso de ducha y lavado suave de ojos<\/li>\n<li>Comprende difusores y aspersores para una mejor distribuci\u00f3n el agua por el sistema<\/li>\n<\/ul>\n","protected":false},"featured_media":312,"comment_status":"open","ping_status":"closed","template":"","meta":{"_et_pb_use_builder":"","_et_pb_old_content":"","_et_gb_content_width":"","_monsterinsights_skip_tracking":false,"_monsterinsights_sitenote_active":false,"_monsterinsights_sitenote_note":"","_monsterinsights_sitenote_category":0,"_joinchat":{"telephone":"+573232851012"}},"product_cat":[55,49],"product_tag":[],"class_list":{"0":"post-894","1":"product","2":"type-product","3":"status-publish","4":"has-post-thumbnail","6":"product_cat-duchas-de-emergencia","7":"product_cat-equipos-de-seguridad","9":"first","10":"instock","11":"taxable","12":"shipping-taxable","13":"purchasable","14":"product-type-variable"},"yoast_head":"<!-- This site is optimized with the Yoast SEO plugin v23.6 - https:\/\/yoast.com\/wordpress\/plugins\/seo\/ -->\n<title>Duchas de emergencia - Next Lab Colombia<\/title>\n<meta name=\"robots\" content=\"index, follow, max-snippet:-1, max-image-preview:large, max-video-preview:-1\" \/>\n<link rel=\"canonical\" href=\"https:\/\/nextlabcolombia.com\/index.php\/producto\/duchas-de-emergencia\/\" \/>\n<meta property=\"og:locale\" content=\"es_ES\" \/>\n<meta property=\"og:type\" content=\"article\" \/>\n<meta property=\"og:title\" content=\"Duchas de emergencia - Next Lab Colombia\" \/>\n<meta property=\"og:description\" content=\"Equipo de dise\u00f1o mixto que incluye ducha de emergencia y lava ojos en una misma estructura  Adecuado para una reacci\u00f3n r\u00e1pida en caso de irritaci\u00f3n de piel u ojos por alg\u00fan contaminante liberado  Fabricado en acero inoxidable  Comprende e una v\u00e1lvula o palanca para su r\u00e1pido accionamiento  Manejo de presi\u00f3n de agua adecuada en el caso de ducha y lavado suave de ojos  Comprende difusores y aspersores para una mejor distribuci\u00f3n el agua por el sistema\" \/>\n<meta property=\"og:url\" content=\"https:\/\/nextlabcolombia.com\/index.php\/producto\/duchas-de-emergencia\/\" \/>\n<meta property=\"og:site_name\" content=\"Next Lab Colombia\" \/>\n<meta property=\"article:modified_time\" content=\"2025-07-02T16:23:40+00:00\" \/>\n<meta property=\"og:image\" content=\"https:\/\/nextlabcolombia.com\/wp-content\/uploads\/2023\/04\/Ducha-Mixta-lava-ojos-1.png\" \/>\n\t<meta property=\"og:image:width\" content=\"720\" \/>\n\t<meta property=\"og:image:height\" content=\"960\" \/>\n\t<meta property=\"og:image:type\" content=\"image\/png\" \/>\n<meta name=\"twitter:card\" content=\"summary_large_image\" \/>\n<meta name=\"twitter:label1\" content=\"Tiempo de lectura\" \/>\n\t<meta name=\"twitter:data1\" content=\"1 minuto\" \/>\n<script type=\"application\/ld+json\" class=\"yoast-schema-graph\">{\"@context\":\"https:\/\/schema.org\",\"@graph\":[{\"@type\":\"WebPage\",\"@id\":\"https:\/\/nextlabcolombia.com\/index.php\/producto\/duchas-de-emergencia\/\",\"url\":\"https:\/\/nextlabcolombia.com\/index.php\/producto\/duchas-de-emergencia\/\",\"name\":\"Duchas de emergencia - Next Lab Colombia\",\"isPartOf\":{\"@id\":\"https:\/\/nextlabcolombia.com\/#website\"},\"primaryImageOfPage\":{\"@id\":\"https:\/\/nextlabcolombia.com\/index.php\/producto\/duchas-de-emergencia\/#primaryimage\"},\"image\":{\"@id\":\"https:\/\/nextlabcolombia.com\/index.php\/producto\/duchas-de-emergencia\/#primaryimage\"},\"thumbnailUrl\":\"https:\/\/nextlabcolombia.com\/wp-content\/uploads\/2023\/04\/Ducha-Mixta-lava-ojos-1.png\",\"datePublished\":\"2023-08-15T04:18:03+00:00\",\"dateModified\":\"2025-07-02T16:23:40+00:00\",\"breadcrumb\":{\"@id\":\"https:\/\/nextlabcolombia.com\/index.php\/producto\/duchas-de-emergencia\/#breadcrumb\"},\"inLanguage\":\"es\",\"potentialAction\":[{\"@type\":\"ReadAction\",\"target\":[\"https:\/\/nextlabcolombia.com\/index.php\/producto\/duchas-de-emergencia\/\"]}]},{\"@type\":\"ImageObject\",\"inLanguage\":\"es\",\"@id\":\"https:\/\/nextlabcolombia.com\/index.php\/producto\/duchas-de-emergencia\/#primaryimage\",\"url\":\"https:\/\/nextlabcolombia.com\/wp-content\/uploads\/2023\/04\/Ducha-Mixta-lava-ojos-1.png\",\"contentUrl\":\"https:\/\/nextlabcolombia.com\/wp-content\/uploads\/2023\/04\/Ducha-Mixta-lava-ojos-1.png\",\"width\":720,\"height\":960},{\"@type\":\"BreadcrumbList\",\"@id\":\"https:\/\/nextlabcolombia.com\/index.php\/producto\/duchas-de-emergencia\/#breadcrumb\",\"itemListElement\":[{\"@type\":\"ListItem\",\"position\":1,\"name\":\"Portada\",\"item\":\"https:\/\/nextlabcolombia.com\/\"},{\"@type\":\"ListItem\",\"position\":2,\"name\":\"Tienda\",\"item\":\"https:\/\/nextlabcolombia.com\/index.php\/tienda\/\"},{\"@type\":\"ListItem\",\"position\":3,\"name\":\"Duchas de emergencia\"}]},{\"@type\":\"WebSite\",\"@id\":\"https:\/\/nextlabcolombia.com\/#website\",\"url\":\"https:\/\/nextlabcolombia.com\/\",\"name\":\"Next Lab Colombia\",\"description\":\"\",\"publisher\":{\"@id\":\"https:\/\/nextlabcolombia.com\/#organization\"},\"potentialAction\":[{\"@type\":\"SearchAction\",\"target\":{\"@type\":\"EntryPoint\",\"urlTemplate\":\"https:\/\/nextlabcolombia.com\/?s={search_term_string}\"},\"query-input\":{\"@type\":\"PropertyValueSpecification\",\"valueRequired\":true,\"valueName\":\"search_term_string\"}}],\"inLanguage\":\"es\"},{\"@type\":\"Organization\",\"@id\":\"https:\/\/nextlabcolombia.com\/#organization\",\"name\":\"Next Lab Colombia\",\"url\":\"https:\/\/nextlabcolombia.com\/\",\"logo\":{\"@type\":\"ImageObject\",\"inLanguage\":\"es\",\"@id\":\"https:\/\/nextlabcolombia.com\/#\/schema\/logo\/image\/\",\"url\":\"https:\/\/nextlabcolombia.com\/wp-content\/uploads\/2023\/03\/LOGO-NEXT-LAB.png\",\"contentUrl\":\"https:\/\/nextlabcolombia.com\/wp-content\/uploads\/2023\/03\/LOGO-NEXT-LAB.png\",\"width\":967,\"height\":1038,\"caption\":\"Next Lab Colombia\"},\"image\":{\"@id\":\"https:\/\/nextlabcolombia.com\/#\/schema\/logo\/image\/\"}}]}<\/script>\n<!-- \/ Yoast SEO plugin. -->","yoast_head_json":{"title":"Duchas de emergencia - Next Lab Colombia","robots":{"index":"index","follow":"follow","max-snippet":"max-snippet:-1","max-image-preview":"max-image-preview:large","max-video-preview":"max-video-preview:-1"},"canonical":"https:\/\/nextlabcolombia.com\/index.php\/producto\/duchas-de-emergencia\/","og_locale":"es_ES","og_type":"article","og_title":"Duchas de emergencia - Next Lab Colombia","og_description":"Equipo de dise\u00f1o mixto que incluye ducha de emergencia y lava ojos en una misma estructura  Adecuado para una reacci\u00f3n r\u00e1pida en caso de irritaci\u00f3n de piel u ojos por alg\u00fan contaminante liberado  Fabricado en acero inoxidable  Comprende e una v\u00e1lvula o palanca para su r\u00e1pido accionamiento  Manejo de presi\u00f3n de agua adecuada en el caso de ducha y lavado suave de ojos  Comprende difusores y aspersores para una mejor distribuci\u00f3n el agua por el sistema","og_url":"https:\/\/nextlabcolombia.com\/index.php\/producto\/duchas-de-emergencia\/","og_site_name":"Next Lab Colombia","article_modified_time":"2025-07-02T16:23:40+00:00","og_image":[{"width":720,"height":960,"url":"https:\/\/nextlabcolombia.com\/wp-content\/uploads\/2023\/04\/Ducha-Mixta-lava-ojos-1.png","type":"image\/png"}],"twitter_card":"summary_large_image","twitter_misc":{"Tiempo de lectura":"1 minuto"},"schema":{"@context":"https:\/\/schema.org","@graph":[{"@type":"WebPage","@id":"https:\/\/nextlabcolombia.com\/index.php\/producto\/duchas-de-emergencia\/","url":"https:\/\/nextlabcolombia.com\/index.php\/producto\/duchas-de-emergencia\/","name":"Duchas de emergencia - Next Lab Colombia","isPartOf":{"@id":"https:\/\/nextlabcolombia.com\/#website"},"primaryImageOfPage":{"@id":"https:\/\/nextlabcolombia.com\/index.php\/producto\/duchas-de-emergencia\/#primaryimage"},"image":{"@id":"https:\/\/nextlabcolombia.com\/index.php\/producto\/duchas-de-emergencia\/#primaryimage"},"thumbnailUrl":"https:\/\/nextlabcolombia.com\/wp-content\/uploads\/2023\/04\/Ducha-Mixta-lava-ojos-1.png","datePublished":"2023-08-15T04:18:03+00:00","dateModified":"2025-07-02T16:23:40+00:00","breadcrumb":{"@id":"https:\/\/nextlabcolombia.com\/index.php\/producto\/duchas-de-emergencia\/#breadcrumb"},"inLanguage":"es","potentialAction":[{"@type":"ReadAction","target":["https:\/\/nextlabcolombia.com\/index.php\/producto\/duchas-de-emergencia\/"]}]},{"@type":"ImageObject","inLanguage":"es","@id":"https:\/\/nextlabcolombia.com\/index.php\/producto\/duchas-de-emergencia\/#primaryimage","url":"https:\/\/nextlabcolombia.com\/wp-content\/uploads\/2023\/04\/Ducha-Mixta-lava-ojos-1.png","contentUrl":"https:\/\/nextlabcolombia.com\/wp-content\/uploads\/2023\/04\/Ducha-Mixta-lava-ojos-1.png","width":720,"height":960},{"@type":"BreadcrumbList","@id":"https:\/\/nextlabcolombia.com\/index.php\/producto\/duchas-de-emergencia\/#breadcrumb","itemListElement":[{"@type":"ListItem","position":1,"name":"Portada","item":"https:\/\/nextlabcolombia.com\/"},{"@type":"ListItem","position":2,"name":"Tienda","item":"https:\/\/nextlabcolombia.com\/index.php\/tienda\/"},{"@type":"ListItem","position":3,"name":"Duchas de emergencia"}]},{"@type":"WebSite","@id":"https:\/\/nextlabcolombia.com\/#website","url":"https:\/\/nextlabcolombia.com\/","name":"Next Lab Colombia","description":"","publisher":{"@id":"https:\/\/nextlabcolombia.com\/#organization"},"potentialAction":[{"@type":"SearchAction","target":{"@type":"EntryPoint","urlTemplate":"https:\/\/nextlabcolombia.com\/?s={search_term_string}"},"query-input":{"@type":"PropertyValueSpecification","valueRequired":true,"valueName":"search_term_string"}}],"inLanguage":"es"},{"@type":"Organization","@id":"https:\/\/nextlabcolombia.com\/#organization","name":"Next Lab Colombia","url":"https:\/\/nextlabcolombia.com\/","logo":{"@type":"ImageObject","inLanguage":"es","@id":"https:\/\/nextlabcolombia.com\/#\/schema\/logo\/image\/","url":"https:\/\/nextlabcolombia.com\/wp-content\/uploads\/2023\/03\/LOGO-NEXT-LAB.png","contentUrl":"https:\/\/nextlabcolombia.com\/wp-content\/uploads\/2023\/03\/LOGO-NEXT-LAB.png","width":967,"height":1038,"caption":"Next Lab Colombia"},"image":{"@id":"https:\/\/nextlabcolombia.com\/#\/schema\/logo\/image\/"}}]}},"_links":{"self":[{"href":"https:\/\/nextlabcolombia.com\/index.php\/wp-json\/wp\/v2\/product\/894","targetHints":{"allow":["GET"]}}],"collection":[{"href":"https:\/\/nextlabcolombia.com\/index.php\/wp-json\/wp\/v2\/product"}],"about":[{"href":"https:\/\/nextlabcolombia.com\/index.php\/wp-json\/wp\/v2\/types\/product"}],"replies":[{"embeddable":true,"href":"https:\/\/nextlabcolombia.com\/index.php\/wp-json\/wp\/v2\/comments?post=894"}],"wp:featuredmedia":[{"embeddable":true,"href":"https:\/\/nextlabcolombia.com\/index.php\/wp-json\/wp\/v2\/media\/312"}],"wp:attachment":[{"href":"https:\/\/nextlabcolombia.com\/index.php\/wp-json\/wp\/v2\/media?parent=894"}],"wp:term":[{"taxonomy":"product_cat","embeddable":true,"href":"https:\/\/nextlabcolombia.com\/index.php\/wp-json\/wp\/v2\/product_cat?post=894"},{"taxonomy":"product_tag","embeddable":true,"href":"https:\/\/nextlabcolombia.com\/index.php\/wp-json\/wp\/v2\/product_tag?post=894"}],"curies":[{"name":"wp","href":"https:\/\/api.w.org\/{rel}","templated":true}]}}