{"id":1187,"date":"2024-10-18T14:30:12","date_gmt":"2024-10-18T14:30:12","guid":{"rendered":"https:\/\/nextlabcolombia.com\/?post_type=product&#038;p=1187"},"modified":"2025-01-19T02:55:52","modified_gmt":"2025-01-19T02:55:52","slug":"camara-climatica-o-de-estabilidad","status":"publish","type":"product","link":"https:\/\/nextlabcolombia.com\/index.php\/producto\/camara-climatica-o-de-estabilidad\/","title":{"rendered":"C\u00e1mara clim\u00e1tica o de estabilidad"},"content":{"rendered":"<p><a href=\"https:\/\/nextlabcolombia.com\/wp-content\/uploads\/2024\/10\/Oferta-Tecnica_-Camara-de-estabilidad-2.pdf\">Oferta T\u00e9cnica_ C\u00e1mara de estabilidad (2)<\/a><\/p>\n<p>La c\u00e1mara para pruebas de estabilidad proporciona un entorno controlado, replicando y regulando las condiciones del ambiente, tales como la temperatura y la humedad, con el fin de analizar su influencia en productos o muestras, para conservarlos bajo par\u00e1metros controlados.<\/p>\n<ul>\n<li>Rango de temperatura: Aprovecha temperaturas desde la temperatura ambiente +5\u00b0C hasta los 80\u00b0C, Precisi\u00f3n de lectura del sensor: \u00b10.1\u00b0C.<\/li>\n<li>Rango de humedad: Se ofrece un rango desde el 0% hasta el 90% de humedad relativa, Precisi\u00f3n de lectura del sensor: \u00b10.2%.<\/li>\n<li>Uniformidad y estabilidad: Capacidad de la c\u00e1mara de mantener una temperatura y humedad uniforme en su interior y mantenerlo.<\/li>\n<\/ul>\n","protected":false},"excerpt":{"rendered":"<p>La c\u00e1mara para pruebas de estabilidad proporciona un entorno controlado, replicando y regulando las condiciones del ambiente, tales como la temperatura y la humedad, con el fin de analizar su influencia en productos o muestras, para conservarlos bajo par\u00e1metros controlados.<\/p>\n","protected":false},"featured_media":1189,"comment_status":"open","ping_status":"closed","template":"","meta":{"_et_pb_use_builder":"","_et_pb_old_content":"","_et_gb_content_width":"","_monsterinsights_skip_tracking":false,"_monsterinsights_sitenote_active":false,"_monsterinsights_sitenote_note":"","_monsterinsights_sitenote_category":0,"_joinchat":[]},"product_cat":[16,135],"product_tag":[],"class_list":{"0":"post-1187","1":"product","2":"type-product","3":"status-publish","4":"has-post-thumbnail","6":"product_cat-otros","7":"product_cat-equipos-de-analisis-y-procesamiento","9":"first","10":"instock","11":"taxable","12":"shipping-taxable","13":"product-type-simple"},"yoast_head":"<!-- This site is optimized with the Yoast SEO plugin v23.6 - https:\/\/yoast.com\/wordpress\/plugins\/seo\/ -->\n<title>C\u00e1mara clim\u00e1tica o de estabilidad - Next Lab Colombia<\/title>\n<meta name=\"robots\" content=\"index, follow, max-snippet:-1, max-image-preview:large, max-video-preview:-1\" \/>\n<link rel=\"canonical\" href=\"https:\/\/nextlabcolombia.com\/index.php\/producto\/camara-climatica-o-de-estabilidad\/\" \/>\n<meta property=\"og:locale\" content=\"es_ES\" \/>\n<meta property=\"og:type\" content=\"article\" \/>\n<meta property=\"og:title\" content=\"C\u00e1mara clim\u00e1tica o de estabilidad - Next Lab Colombia\" \/>\n<meta property=\"og:description\" content=\"La c\u00e1mara para pruebas de estabilidad proporciona un entorno controlado, replicando y regulando las condiciones del ambiente, tales como la temperatura y la humedad, con el fin de analizar su influencia en productos o muestras, para conservarlos bajo par\u00e1metros controlados.\" \/>\n<meta property=\"og:url\" content=\"https:\/\/nextlabcolombia.com\/index.php\/producto\/camara-climatica-o-de-estabilidad\/\" \/>\n<meta property=\"og:site_name\" content=\"Next Lab Colombia\" \/>\n<meta property=\"article:modified_time\" content=\"2025-01-19T02:55:52+00:00\" \/>\n<meta property=\"og:image\" content=\"https:\/\/nextlabcolombia.com\/wp-content\/uploads\/2024\/10\/WhatsApp-Image-2024-10-18-at-9.18.27-AM.jpeg\" \/>\n\t<meta property=\"og:image:width\" content=\"720\" \/>\n\t<meta property=\"og:image:height\" content=\"1280\" \/>\n\t<meta property=\"og:image:type\" content=\"image\/jpeg\" \/>\n<meta name=\"twitter:card\" content=\"summary_large_image\" \/>\n<meta name=\"twitter:label1\" content=\"Tiempo de lectura\" \/>\n\t<meta name=\"twitter:data1\" content=\"1 minuto\" \/>\n<script type=\"application\/ld+json\" class=\"yoast-schema-graph\">{\"@context\":\"https:\/\/schema.org\",\"@graph\":[{\"@type\":\"WebPage\",\"@id\":\"https:\/\/nextlabcolombia.com\/index.php\/producto\/camara-climatica-o-de-estabilidad\/\",\"url\":\"https:\/\/nextlabcolombia.com\/index.php\/producto\/camara-climatica-o-de-estabilidad\/\",\"name\":\"C\u00e1mara clim\u00e1tica o de estabilidad - Next Lab Colombia\",\"isPartOf\":{\"@id\":\"https:\/\/nextlabcolombia.com\/#website\"},\"primaryImageOfPage\":{\"@id\":\"https:\/\/nextlabcolombia.com\/index.php\/producto\/camara-climatica-o-de-estabilidad\/#primaryimage\"},\"image\":{\"@id\":\"https:\/\/nextlabcolombia.com\/index.php\/producto\/camara-climatica-o-de-estabilidad\/#primaryimage\"},\"thumbnailUrl\":\"https:\/\/nextlabcolombia.com\/wp-content\/uploads\/2024\/10\/WhatsApp-Image-2024-10-18-at-9.18.27-AM.jpeg\",\"datePublished\":\"2024-10-18T14:30:12+00:00\",\"dateModified\":\"2025-01-19T02:55:52+00:00\",\"breadcrumb\":{\"@id\":\"https:\/\/nextlabcolombia.com\/index.php\/producto\/camara-climatica-o-de-estabilidad\/#breadcrumb\"},\"inLanguage\":\"es\",\"potentialAction\":[{\"@type\":\"ReadAction\",\"target\":[\"https:\/\/nextlabcolombia.com\/index.php\/producto\/camara-climatica-o-de-estabilidad\/\"]}]},{\"@type\":\"ImageObject\",\"inLanguage\":\"es\",\"@id\":\"https:\/\/nextlabcolombia.com\/index.php\/producto\/camara-climatica-o-de-estabilidad\/#primaryimage\",\"url\":\"https:\/\/nextlabcolombia.com\/wp-content\/uploads\/2024\/10\/WhatsApp-Image-2024-10-18-at-9.18.27-AM.jpeg\",\"contentUrl\":\"https:\/\/nextlabcolombia.com\/wp-content\/uploads\/2024\/10\/WhatsApp-Image-2024-10-18-at-9.18.27-AM.jpeg\",\"width\":720,\"height\":1280},{\"@type\":\"BreadcrumbList\",\"@id\":\"https:\/\/nextlabcolombia.com\/index.php\/producto\/camara-climatica-o-de-estabilidad\/#breadcrumb\",\"itemListElement\":[{\"@type\":\"ListItem\",\"position\":1,\"name\":\"Portada\",\"item\":\"https:\/\/nextlabcolombia.com\/\"},{\"@type\":\"ListItem\",\"position\":2,\"name\":\"Tienda\",\"item\":\"https:\/\/nextlabcolombia.com\/index.php\/tienda\/\"},{\"@type\":\"ListItem\",\"position\":3,\"name\":\"C\u00e1mara clim\u00e1tica o de estabilidad\"}]},{\"@type\":\"WebSite\",\"@id\":\"https:\/\/nextlabcolombia.com\/#website\",\"url\":\"https:\/\/nextlabcolombia.com\/\",\"name\":\"Next Lab Colombia\",\"description\":\"\",\"publisher\":{\"@id\":\"https:\/\/nextlabcolombia.com\/#organization\"},\"potentialAction\":[{\"@type\":\"SearchAction\",\"target\":{\"@type\":\"EntryPoint\",\"urlTemplate\":\"https:\/\/nextlabcolombia.com\/?s={search_term_string}\"},\"query-input\":{\"@type\":\"PropertyValueSpecification\",\"valueRequired\":true,\"valueName\":\"search_term_string\"}}],\"inLanguage\":\"es\"},{\"@type\":\"Organization\",\"@id\":\"https:\/\/nextlabcolombia.com\/#organization\",\"name\":\"Next Lab Colombia\",\"url\":\"https:\/\/nextlabcolombia.com\/\",\"logo\":{\"@type\":\"ImageObject\",\"inLanguage\":\"es\",\"@id\":\"https:\/\/nextlabcolombia.com\/#\/schema\/logo\/image\/\",\"url\":\"https:\/\/nextlabcolombia.com\/wp-content\/uploads\/2023\/03\/LOGO-NEXT-LAB.png\",\"contentUrl\":\"https:\/\/nextlabcolombia.com\/wp-content\/uploads\/2023\/03\/LOGO-NEXT-LAB.png\",\"width\":967,\"height\":1038,\"caption\":\"Next Lab Colombia\"},\"image\":{\"@id\":\"https:\/\/nextlabcolombia.com\/#\/schema\/logo\/image\/\"}}]}<\/script>\n<!-- \/ Yoast SEO plugin. -->","yoast_head_json":{"title":"C\u00e1mara clim\u00e1tica o de estabilidad - Next Lab Colombia","robots":{"index":"index","follow":"follow","max-snippet":"max-snippet:-1","max-image-preview":"max-image-preview:large","max-video-preview":"max-video-preview:-1"},"canonical":"https:\/\/nextlabcolombia.com\/index.php\/producto\/camara-climatica-o-de-estabilidad\/","og_locale":"es_ES","og_type":"article","og_title":"C\u00e1mara clim\u00e1tica o de estabilidad - Next Lab Colombia","og_description":"La c\u00e1mara para pruebas de estabilidad proporciona un entorno controlado, replicando y regulando las condiciones del ambiente, tales como la temperatura y la humedad, con el fin de analizar su influencia en productos o muestras, para conservarlos bajo par\u00e1metros controlados.","og_url":"https:\/\/nextlabcolombia.com\/index.php\/producto\/camara-climatica-o-de-estabilidad\/","og_site_name":"Next Lab Colombia","article_modified_time":"2025-01-19T02:55:52+00:00","og_image":[{"width":720,"height":1280,"url":"https:\/\/nextlabcolombia.com\/wp-content\/uploads\/2024\/10\/WhatsApp-Image-2024-10-18-at-9.18.27-AM.jpeg","type":"image\/jpeg"}],"twitter_card":"summary_large_image","twitter_misc":{"Tiempo de lectura":"1 minuto"},"schema":{"@context":"https:\/\/schema.org","@graph":[{"@type":"WebPage","@id":"https:\/\/nextlabcolombia.com\/index.php\/producto\/camara-climatica-o-de-estabilidad\/","url":"https:\/\/nextlabcolombia.com\/index.php\/producto\/camara-climatica-o-de-estabilidad\/","name":"C\u00e1mara clim\u00e1tica o de estabilidad - Next Lab Colombia","isPartOf":{"@id":"https:\/\/nextlabcolombia.com\/#website"},"primaryImageOfPage":{"@id":"https:\/\/nextlabcolombia.com\/index.php\/producto\/camara-climatica-o-de-estabilidad\/#primaryimage"},"image":{"@id":"https:\/\/nextlabcolombia.com\/index.php\/producto\/camara-climatica-o-de-estabilidad\/#primaryimage"},"thumbnailUrl":"https:\/\/nextlabcolombia.com\/wp-content\/uploads\/2024\/10\/WhatsApp-Image-2024-10-18-at-9.18.27-AM.jpeg","datePublished":"2024-10-18T14:30:12+00:00","dateModified":"2025-01-19T02:55:52+00:00","breadcrumb":{"@id":"https:\/\/nextlabcolombia.com\/index.php\/producto\/camara-climatica-o-de-estabilidad\/#breadcrumb"},"inLanguage":"es","potentialAction":[{"@type":"ReadAction","target":["https:\/\/nextlabcolombia.com\/index.php\/producto\/camara-climatica-o-de-estabilidad\/"]}]},{"@type":"ImageObject","inLanguage":"es","@id":"https:\/\/nextlabcolombia.com\/index.php\/producto\/camara-climatica-o-de-estabilidad\/#primaryimage","url":"https:\/\/nextlabcolombia.com\/wp-content\/uploads\/2024\/10\/WhatsApp-Image-2024-10-18-at-9.18.27-AM.jpeg","contentUrl":"https:\/\/nextlabcolombia.com\/wp-content\/uploads\/2024\/10\/WhatsApp-Image-2024-10-18-at-9.18.27-AM.jpeg","width":720,"height":1280},{"@type":"BreadcrumbList","@id":"https:\/\/nextlabcolombia.com\/index.php\/producto\/camara-climatica-o-de-estabilidad\/#breadcrumb","itemListElement":[{"@type":"ListItem","position":1,"name":"Portada","item":"https:\/\/nextlabcolombia.com\/"},{"@type":"ListItem","position":2,"name":"Tienda","item":"https:\/\/nextlabcolombia.com\/index.php\/tienda\/"},{"@type":"ListItem","position":3,"name":"C\u00e1mara clim\u00e1tica o de estabilidad"}]},{"@type":"WebSite","@id":"https:\/\/nextlabcolombia.com\/#website","url":"https:\/\/nextlabcolombia.com\/","name":"Next Lab Colombia","description":"","publisher":{"@id":"https:\/\/nextlabcolombia.com\/#organization"},"potentialAction":[{"@type":"SearchAction","target":{"@type":"EntryPoint","urlTemplate":"https:\/\/nextlabcolombia.com\/?s={search_term_string}"},"query-input":{"@type":"PropertyValueSpecification","valueRequired":true,"valueName":"search_term_string"}}],"inLanguage":"es"},{"@type":"Organization","@id":"https:\/\/nextlabcolombia.com\/#organization","name":"Next Lab Colombia","url":"https:\/\/nextlabcolombia.com\/","logo":{"@type":"ImageObject","inLanguage":"es","@id":"https:\/\/nextlabcolombia.com\/#\/schema\/logo\/image\/","url":"https:\/\/nextlabcolombia.com\/wp-content\/uploads\/2023\/03\/LOGO-NEXT-LAB.png","contentUrl":"https:\/\/nextlabcolombia.com\/wp-content\/uploads\/2023\/03\/LOGO-NEXT-LAB.png","width":967,"height":1038,"caption":"Next Lab Colombia"},"image":{"@id":"https:\/\/nextlabcolombia.com\/#\/schema\/logo\/image\/"}}]}},"_links":{"self":[{"href":"https:\/\/nextlabcolombia.com\/index.php\/wp-json\/wp\/v2\/product\/1187","targetHints":{"allow":["GET"]}}],"collection":[{"href":"https:\/\/nextlabcolombia.com\/index.php\/wp-json\/wp\/v2\/product"}],"about":[{"href":"https:\/\/nextlabcolombia.com\/index.php\/wp-json\/wp\/v2\/types\/product"}],"replies":[{"embeddable":true,"href":"https:\/\/nextlabcolombia.com\/index.php\/wp-json\/wp\/v2\/comments?post=1187"}],"wp:featuredmedia":[{"embeddable":true,"href":"https:\/\/nextlabcolombia.com\/index.php\/wp-json\/wp\/v2\/media\/1189"}],"wp:attachment":[{"href":"https:\/\/nextlabcolombia.com\/index.php\/wp-json\/wp\/v2\/media?parent=1187"}],"wp:term":[{"taxonomy":"product_cat","embeddable":true,"href":"https:\/\/nextlabcolombia.com\/index.php\/wp-json\/wp\/v2\/product_cat?post=1187"},{"taxonomy":"product_tag","embeddable":true,"href":"https:\/\/nextlabcolombia.com\/index.php\/wp-json\/wp\/v2\/product_tag?post=1187"}],"curies":[{"name":"wp","href":"https:\/\/api.w.org\/{rel}","templated":true}]}}