{"id":1173,"date":"2024-10-18T13:55:28","date_gmt":"2024-10-18T13:55:28","guid":{"rendered":"https:\/\/nextlabcolombia.com\/?post_type=product&#038;p=1173"},"modified":"2025-07-15T07:43:12","modified_gmt":"2025-07-15T07:43:12","slug":"1173","status":"publish","type":"product","link":"https:\/\/nextlabcolombia.com\/index.php\/producto\/1173\/","title":{"rendered":"Cabina de extracci\u00f3n de gases y humos- NEMA 7 Explotion Proof"},"content":{"rendered":"<p><a href='https:\/\/nextlabcolombia.com\/wp-content\/uploads\/2023\/08\/Ficha-Tecnica-Cabina-de-extraccion.pdf' class='small-button smallgreen' target=\"_blank\">Descargar ficha t\u00e9cnica<\/a><br \/>\n<a href='https:\/\/nextlabcolombia.com\/index.php\/formulario-de-cotizacion\/' class='small-button smallblue' target=\"_blank\">Realizar Cotizaci\u00f3n<\/a><\/p>\n<div style=\"width: 356px; height: 200px; overflow: hidden;\">\n<div style=\"width: 640px;\" class=\"wp-video\"><video class=\"wp-video-shortcode\" id=\"video-1173-1\" width=\"640\" height=\"360\" preload=\"metadata\" controls=\"controls\"><source type=\"video\/mp4\" src=\"https:\/\/nextlabcolombia.com\/wp-content\/uploads\/2023\/08\/Video-Cabina-de-extraccion-1.mp4?_=1\" \/><a href=\"https:\/\/nextlabcolombia.com\/wp-content\/uploads\/2023\/08\/Video-Cabina-de-extraccion-1.mp4\">https:\/\/nextlabcolombia.com\/wp-content\/uploads\/2023\/08\/Video-Cabina-de-extraccion-1.mp4<\/a><\/video><\/div>\n<\/div>\n<ul>\n<li style=\"list-style-type: none;\">\n<ul>\n<li>Adecuado para la protecci\u00f3n del ambiente y personal de laboratorio de liberaci\u00f3n de gases t\u00f3xicos, para evitar inhalaciones<\/li>\n<li>Comprende un filtro de carb\u00f3n activado<\/li>\n<li>Comprende una Luz blanca LED alta intensidad<\/li>\n<li>Retiene efectivamente gases y vapores desprendidos por productos qu\u00edmicos<\/li>\n<li>Explotion proof-Tipolog\u00eda NEMA 7<\/li>\n<\/ul>\n<\/li>\n<\/ul>\n<ul>\n<li>Sistema de extracci\u00f3n: Ventilador centrifugo con sistema anti vibratorio<\/li>\n<li>Material de acero inoxidable<\/li>\n<\/ul>\n<p>&nbsp;<\/p>\n","protected":false},"excerpt":{"rendered":"<p>Adecuado para la protecci\u00f3n del ambiente y personal de laboratorio de liberaci\u00f3n de gases t\u00f3xicos, para evitar inhalaciones Comprende un filtro de carb\u00f3n activado Comprende una Luz blanca LED alta intensidad Retiene efectivamente gases y vapores desprendidos por productos qu\u00edmicos Explotion proof-Tipolog\u00eda NEMA 7 Sistema de extracci\u00f3n: Ventilador centrifugo con sistema anti vibratorio Material de [&hellip;]<\/p>\n","protected":false},"featured_media":1176,"comment_status":"open","ping_status":"closed","template":"","meta":{"_et_pb_use_builder":"","_et_pb_old_content":"","_et_gb_content_width":"","_monsterinsights_skip_tracking":false,"_monsterinsights_sitenote_active":false,"_monsterinsights_sitenote_note":"","_monsterinsights_sitenote_category":0,"_joinchat":[]},"product_cat":[53],"product_tag":[],"class_list":{"0":"post-1173","1":"product","2":"type-product","3":"status-publish","4":"has-post-thumbnail","6":"product_cat-cabina-de-extraccion-analisis-de-aguas","8":"first","9":"instock","10":"taxable","11":"shipping-taxable","12":"product-type-variable"},"yoast_head":"<!-- This site is optimized with the Yoast SEO plugin v23.6 - https:\/\/yoast.com\/wordpress\/plugins\/seo\/ -->\n<title>Cabina de extracci\u00f3n de gases y humos- NEMA 7 Explotion Proof - Next Lab Colombia<\/title>\n<meta name=\"robots\" content=\"index, follow, max-snippet:-1, max-image-preview:large, max-video-preview:-1\" \/>\n<link rel=\"canonical\" href=\"https:\/\/nextlabcolombia.com\/index.php\/producto\/1173\/\" \/>\n<meta property=\"og:locale\" content=\"es_ES\" \/>\n<meta property=\"og:type\" content=\"article\" \/>\n<meta property=\"og:title\" content=\"Cabina de extracci\u00f3n de gases y humos- NEMA 7 Explotion Proof - Next Lab Colombia\" \/>\n<meta property=\"og:description\" content=\"Adecuado para la protecci\u00f3n del ambiente y personal de laboratorio de liberaci\u00f3n de gases t\u00f3xicos, para evitar inhalaciones Comprende un filtro de carb\u00f3n activado Comprende una Luz blanca LED alta intensidad Retiene efectivamente gases y vapores desprendidos por productos qu\u00edmicos Explotion proof-Tipolog\u00eda NEMA 7 Sistema de extracci\u00f3n: Ventilador centrifugo con sistema anti vibratorio Material de [&hellip;]\" \/>\n<meta property=\"og:url\" content=\"https:\/\/nextlabcolombia.com\/index.php\/producto\/1173\/\" \/>\n<meta property=\"og:site_name\" content=\"Next Lab Colombia\" \/>\n<meta property=\"article:modified_time\" content=\"2025-07-15T07:43:12+00:00\" \/>\n<meta property=\"og:image\" content=\"https:\/\/nextlabcolombia.com\/wp-content\/uploads\/2024\/10\/WhatsApp-Image-2024-10-18-at-8.51.21-AM-1.jpeg\" \/>\n\t<meta property=\"og:image:width\" content=\"960\" \/>\n\t<meta property=\"og:image:height\" content=\"1280\" \/>\n\t<meta property=\"og:image:type\" content=\"image\/jpeg\" \/>\n<meta name=\"twitter:card\" content=\"summary_large_image\" \/>\n<meta name=\"twitter:label1\" content=\"Tiempo de lectura\" \/>\n\t<meta name=\"twitter:data1\" content=\"1 minuto\" \/>\n<script type=\"application\/ld+json\" class=\"yoast-schema-graph\">{\"@context\":\"https:\/\/schema.org\",\"@graph\":[{\"@type\":\"WebPage\",\"@id\":\"https:\/\/nextlabcolombia.com\/index.php\/producto\/1173\/\",\"url\":\"https:\/\/nextlabcolombia.com\/index.php\/producto\/1173\/\",\"name\":\"Cabina de extracci\u00f3n de gases y humos- NEMA 7 Explotion Proof - Next Lab Colombia\",\"isPartOf\":{\"@id\":\"https:\/\/nextlabcolombia.com\/#website\"},\"primaryImageOfPage\":{\"@id\":\"https:\/\/nextlabcolombia.com\/index.php\/producto\/1173\/#primaryimage\"},\"image\":{\"@id\":\"https:\/\/nextlabcolombia.com\/index.php\/producto\/1173\/#primaryimage\"},\"thumbnailUrl\":\"https:\/\/nextlabcolombia.com\/wp-content\/uploads\/2024\/10\/WhatsApp-Image-2024-10-18-at-8.51.21-AM-1.jpeg\",\"datePublished\":\"2024-10-18T13:55:28+00:00\",\"dateModified\":\"2025-07-15T07:43:12+00:00\",\"breadcrumb\":{\"@id\":\"https:\/\/nextlabcolombia.com\/index.php\/producto\/1173\/#breadcrumb\"},\"inLanguage\":\"es\",\"potentialAction\":[{\"@type\":\"ReadAction\",\"target\":[\"https:\/\/nextlabcolombia.com\/index.php\/producto\/1173\/\"]}]},{\"@type\":\"ImageObject\",\"inLanguage\":\"es\",\"@id\":\"https:\/\/nextlabcolombia.com\/index.php\/producto\/1173\/#primaryimage\",\"url\":\"https:\/\/nextlabcolombia.com\/wp-content\/uploads\/2024\/10\/WhatsApp-Image-2024-10-18-at-8.51.21-AM-1.jpeg\",\"contentUrl\":\"https:\/\/nextlabcolombia.com\/wp-content\/uploads\/2024\/10\/WhatsApp-Image-2024-10-18-at-8.51.21-AM-1.jpeg\",\"width\":960,\"height\":1280},{\"@type\":\"BreadcrumbList\",\"@id\":\"https:\/\/nextlabcolombia.com\/index.php\/producto\/1173\/#breadcrumb\",\"itemListElement\":[{\"@type\":\"ListItem\",\"position\":1,\"name\":\"Portada\",\"item\":\"https:\/\/nextlabcolombia.com\/\"},{\"@type\":\"ListItem\",\"position\":2,\"name\":\"Tienda\",\"item\":\"https:\/\/nextlabcolombia.com\/index.php\/tienda\/\"},{\"@type\":\"ListItem\",\"position\":3,\"name\":\"Cabina de extracci\u00f3n de gases y humos- NEMA 7 Explotion Proof\"}]},{\"@type\":\"WebSite\",\"@id\":\"https:\/\/nextlabcolombia.com\/#website\",\"url\":\"https:\/\/nextlabcolombia.com\/\",\"name\":\"Next Lab Colombia\",\"description\":\"\",\"publisher\":{\"@id\":\"https:\/\/nextlabcolombia.com\/#organization\"},\"potentialAction\":[{\"@type\":\"SearchAction\",\"target\":{\"@type\":\"EntryPoint\",\"urlTemplate\":\"https:\/\/nextlabcolombia.com\/?s={search_term_string}\"},\"query-input\":{\"@type\":\"PropertyValueSpecification\",\"valueRequired\":true,\"valueName\":\"search_term_string\"}}],\"inLanguage\":\"es\"},{\"@type\":\"Organization\",\"@id\":\"https:\/\/nextlabcolombia.com\/#organization\",\"name\":\"Next Lab Colombia\",\"url\":\"https:\/\/nextlabcolombia.com\/\",\"logo\":{\"@type\":\"ImageObject\",\"inLanguage\":\"es\",\"@id\":\"https:\/\/nextlabcolombia.com\/#\/schema\/logo\/image\/\",\"url\":\"https:\/\/nextlabcolombia.com\/wp-content\/uploads\/2023\/03\/LOGO-NEXT-LAB.png\",\"contentUrl\":\"https:\/\/nextlabcolombia.com\/wp-content\/uploads\/2023\/03\/LOGO-NEXT-LAB.png\",\"width\":967,\"height\":1038,\"caption\":\"Next Lab Colombia\"},\"image\":{\"@id\":\"https:\/\/nextlabcolombia.com\/#\/schema\/logo\/image\/\"}}]}<\/script>\n<!-- \/ Yoast SEO plugin. -->","yoast_head_json":{"title":"Cabina de extracci\u00f3n de gases y humos- NEMA 7 Explotion Proof - Next Lab Colombia","robots":{"index":"index","follow":"follow","max-snippet":"max-snippet:-1","max-image-preview":"max-image-preview:large","max-video-preview":"max-video-preview:-1"},"canonical":"https:\/\/nextlabcolombia.com\/index.php\/producto\/1173\/","og_locale":"es_ES","og_type":"article","og_title":"Cabina de extracci\u00f3n de gases y humos- NEMA 7 Explotion Proof - Next Lab Colombia","og_description":"Adecuado para la protecci\u00f3n del ambiente y personal de laboratorio de liberaci\u00f3n de gases t\u00f3xicos, para evitar inhalaciones Comprende un filtro de carb\u00f3n activado Comprende una Luz blanca LED alta intensidad Retiene efectivamente gases y vapores desprendidos por productos qu\u00edmicos Explotion proof-Tipolog\u00eda NEMA 7 Sistema de extracci\u00f3n: Ventilador centrifugo con sistema anti vibratorio Material de [&hellip;]","og_url":"https:\/\/nextlabcolombia.com\/index.php\/producto\/1173\/","og_site_name":"Next Lab Colombia","article_modified_time":"2025-07-15T07:43:12+00:00","og_image":[{"width":960,"height":1280,"url":"https:\/\/nextlabcolombia.com\/wp-content\/uploads\/2024\/10\/WhatsApp-Image-2024-10-18-at-8.51.21-AM-1.jpeg","type":"image\/jpeg"}],"twitter_card":"summary_large_image","twitter_misc":{"Tiempo de lectura":"1 minuto"},"schema":{"@context":"https:\/\/schema.org","@graph":[{"@type":"WebPage","@id":"https:\/\/nextlabcolombia.com\/index.php\/producto\/1173\/","url":"https:\/\/nextlabcolombia.com\/index.php\/producto\/1173\/","name":"Cabina de extracci\u00f3n de gases y humos- NEMA 7 Explotion Proof - Next Lab Colombia","isPartOf":{"@id":"https:\/\/nextlabcolombia.com\/#website"},"primaryImageOfPage":{"@id":"https:\/\/nextlabcolombia.com\/index.php\/producto\/1173\/#primaryimage"},"image":{"@id":"https:\/\/nextlabcolombia.com\/index.php\/producto\/1173\/#primaryimage"},"thumbnailUrl":"https:\/\/nextlabcolombia.com\/wp-content\/uploads\/2024\/10\/WhatsApp-Image-2024-10-18-at-8.51.21-AM-1.jpeg","datePublished":"2024-10-18T13:55:28+00:00","dateModified":"2025-07-15T07:43:12+00:00","breadcrumb":{"@id":"https:\/\/nextlabcolombia.com\/index.php\/producto\/1173\/#breadcrumb"},"inLanguage":"es","potentialAction":[{"@type":"ReadAction","target":["https:\/\/nextlabcolombia.com\/index.php\/producto\/1173\/"]}]},{"@type":"ImageObject","inLanguage":"es","@id":"https:\/\/nextlabcolombia.com\/index.php\/producto\/1173\/#primaryimage","url":"https:\/\/nextlabcolombia.com\/wp-content\/uploads\/2024\/10\/WhatsApp-Image-2024-10-18-at-8.51.21-AM-1.jpeg","contentUrl":"https:\/\/nextlabcolombia.com\/wp-content\/uploads\/2024\/10\/WhatsApp-Image-2024-10-18-at-8.51.21-AM-1.jpeg","width":960,"height":1280},{"@type":"BreadcrumbList","@id":"https:\/\/nextlabcolombia.com\/index.php\/producto\/1173\/#breadcrumb","itemListElement":[{"@type":"ListItem","position":1,"name":"Portada","item":"https:\/\/nextlabcolombia.com\/"},{"@type":"ListItem","position":2,"name":"Tienda","item":"https:\/\/nextlabcolombia.com\/index.php\/tienda\/"},{"@type":"ListItem","position":3,"name":"Cabina de extracci\u00f3n de gases y humos- NEMA 7 Explotion Proof"}]},{"@type":"WebSite","@id":"https:\/\/nextlabcolombia.com\/#website","url":"https:\/\/nextlabcolombia.com\/","name":"Next Lab Colombia","description":"","publisher":{"@id":"https:\/\/nextlabcolombia.com\/#organization"},"potentialAction":[{"@type":"SearchAction","target":{"@type":"EntryPoint","urlTemplate":"https:\/\/nextlabcolombia.com\/?s={search_term_string}"},"query-input":{"@type":"PropertyValueSpecification","valueRequired":true,"valueName":"search_term_string"}}],"inLanguage":"es"},{"@type":"Organization","@id":"https:\/\/nextlabcolombia.com\/#organization","name":"Next Lab Colombia","url":"https:\/\/nextlabcolombia.com\/","logo":{"@type":"ImageObject","inLanguage":"es","@id":"https:\/\/nextlabcolombia.com\/#\/schema\/logo\/image\/","url":"https:\/\/nextlabcolombia.com\/wp-content\/uploads\/2023\/03\/LOGO-NEXT-LAB.png","contentUrl":"https:\/\/nextlabcolombia.com\/wp-content\/uploads\/2023\/03\/LOGO-NEXT-LAB.png","width":967,"height":1038,"caption":"Next Lab Colombia"},"image":{"@id":"https:\/\/nextlabcolombia.com\/#\/schema\/logo\/image\/"}}]}},"_links":{"self":[{"href":"https:\/\/nextlabcolombia.com\/index.php\/wp-json\/wp\/v2\/product\/1173","targetHints":{"allow":["GET"]}}],"collection":[{"href":"https:\/\/nextlabcolombia.com\/index.php\/wp-json\/wp\/v2\/product"}],"about":[{"href":"https:\/\/nextlabcolombia.com\/index.php\/wp-json\/wp\/v2\/types\/product"}],"replies":[{"embeddable":true,"href":"https:\/\/nextlabcolombia.com\/index.php\/wp-json\/wp\/v2\/comments?post=1173"}],"wp:featuredmedia":[{"embeddable":true,"href":"https:\/\/nextlabcolombia.com\/index.php\/wp-json\/wp\/v2\/media\/1176"}],"wp:attachment":[{"href":"https:\/\/nextlabcolombia.com\/index.php\/wp-json\/wp\/v2\/media?parent=1173"}],"wp:term":[{"taxonomy":"product_cat","embeddable":true,"href":"https:\/\/nextlabcolombia.com\/index.php\/wp-json\/wp\/v2\/product_cat?post=1173"},{"taxonomy":"product_tag","embeddable":true,"href":"https:\/\/nextlabcolombia.com\/index.php\/wp-json\/wp\/v2\/product_tag?post=1173"}],"curies":[{"name":"wp","href":"https:\/\/api.w.org\/{rel}","templated":true}]}}