{"id":956,"date":"2023-08-25T19:18:12","date_gmt":"2023-08-25T19:18:12","guid":{"rendered":"https:\/\/nextlabcolombia.com\/?page_id=956"},"modified":"2023-08-31T16:31:13","modified_gmt":"2023-08-31T16:31:13","slug":"catalogo","status":"publish","type":"page","link":"https:\/\/nextlabcolombia.com\/index.php\/catalogo\/","title":{"rendered":"Catalogo"},"content":{"rendered":"\t\t<div data-elementor-type=\"wp-page\" data-elementor-id=\"956\" class=\"elementor elementor-956\" data-elementor-post-type=\"page\">\n\t\t\t\t\t\t<section class=\"elementor-section elementor-top-section elementor-element elementor-element-27b73c9f elementor-section-height-min-height elementor-section-boxed elementor-section-height-default elementor-section-items-middle\" data-id=\"27b73c9f\" data-element_type=\"section\" data-e-type=\"section\" data-settings=\"{&quot;background_background&quot;:&quot;classic&quot;}\">\n\t\t\t\t\t\t\t<div class=\"elementor-background-overlay\"><\/div>\n\t\t\t\t\t\t\t<div class=\"elementor-container elementor-column-gap-default\">\n\t\t\t\t\t<div class=\"elementor-column elementor-col-50 elementor-top-column elementor-element elementor-element-6a3639ca\" data-id=\"6a3639ca\" data-element_type=\"column\" data-e-type=\"column\">\n\t\t\t<div class=\"elementor-widget-wrap elementor-element-populated\">\n\t\t\t\t\t\t<section class=\"elementor-section elementor-inner-section elementor-element elementor-element-44a39fb4 elementor-section-boxed elementor-section-height-default elementor-section-height-default\" data-id=\"44a39fb4\" data-element_type=\"section\" data-e-type=\"section\">\n\t\t\t\t\t\t<div class=\"elementor-container elementor-column-gap-default\">\n\t\t\t\t\t<div class=\"elementor-column elementor-col-100 elementor-inner-column elementor-element elementor-element-7a227bef\" data-id=\"7a227bef\" data-element_type=\"column\" data-e-type=\"column\">\n\t\t\t<div class=\"elementor-widget-wrap elementor-element-populated\">\n\t\t\t\t\t\t<div class=\"elementor-element elementor-element-5b8d5959 elementor-invisible elementor-widget elementor-widget-heading\" data-id=\"5b8d5959\" data-element_type=\"widget\" data-e-type=\"widget\" data-settings=\"{&quot;_animation&quot;:&quot;fadeInDown&quot;}\" data-widget_type=\"heading.default\">\n\t\t\t\t<div class=\"elementor-widget-container\">\n\t\t\t\t\t<h1 class=\"elementor-heading-title elementor-size-default\">Nuestro C\u00e1talogo<\/h1>\t\t\t\t<\/div>\n\t\t\t\t<\/div>\n\t\t\t\t<div class=\"elementor-element elementor-element-1b8926fa elementor-widget elementor-widget-spacer\" data-id=\"1b8926fa\" data-element_type=\"widget\" data-e-type=\"widget\" data-widget_type=\"spacer.default\">\n\t\t\t\t<div class=\"elementor-widget-container\">\n\t\t\t\t\t\t\t<div class=\"elementor-spacer\">\n\t\t\t<div class=\"elementor-spacer-inner\"><\/div>\n\t\t<\/div>\n\t\t\t\t\t\t<\/div>\n\t\t\t\t<\/div>\n\t\t\t\t\t<\/div>\n\t\t<\/div>\n\t\t\t\t\t<\/div>\n\t\t<\/section>\n\t\t\t\t\t<\/div>\n\t\t<\/div>\n\t\t\t\t<div class=\"elementor-column elementor-col-50 elementor-top-column elementor-element elementor-element-48de4f2a\" data-id=\"48de4f2a\" data-element_type=\"column\" data-e-type=\"column\" data-settings=\"{&quot;background_background&quot;:&quot;classic&quot;}\">\n\t\t\t<div class=\"elementor-widget-wrap\">\n\t\t\t\t\t<div class=\"elementor-background-overlay\"><\/div>\n\t\t\t\t\t\t\t<\/div>\n\t\t<\/div>\n\t\t\t\t\t<\/div>\n\t\t<\/section>\n\t\t\t\t<section class=\"elementor-section elementor-top-section elementor-element elementor-element-40532e26 elementor-section-boxed elementor-section-height-default elementor-section-height-default\" data-id=\"40532e26\" data-element_type=\"section\" data-e-type=\"section\" data-settings=\"{&quot;background_background&quot;:&quot;classic&quot;}\">\n\t\t\t\t\t\t<div class=\"elementor-container elementor-column-gap-default\">\n\t\t\t\t\t<div class=\"elementor-column elementor-col-50 elementor-top-column elementor-element elementor-element-29ff50a5\" data-id=\"29ff50a5\" data-element_type=\"column\" data-e-type=\"column\">\n\t\t\t<div class=\"elementor-widget-wrap elementor-element-populated\">\n\t\t\t\t\t\t<section class=\"elementor-section elementor-inner-section elementor-element elementor-element-20600235 elementor-section-boxed elementor-section-height-default elementor-section-height-default\" data-id=\"20600235\" data-element_type=\"section\" data-e-type=\"section\">\n\t\t\t\t\t\t<div class=\"elementor-container elementor-column-gap-default\">\n\t\t\t\t\t<div class=\"elementor-column elementor-col-100 elementor-inner-column elementor-element elementor-element-1ee03c95\" data-id=\"1ee03c95\" data-element_type=\"column\" data-e-type=\"column\">\n\t\t\t<div class=\"elementor-widget-wrap elementor-element-populated\">\n\t\t\t\t\t\t<div class=\"elementor-element elementor-element-bb71886 elementor-widget elementor-widget-elementskit-button\" data-id=\"bb71886\" data-element_type=\"widget\" data-e-type=\"widget\" data-widget_type=\"elementskit-button.default\">\n\t\t\t\t<div class=\"elementor-widget-container\">\n\t\t\t\t\t<div class=\"ekit-wid-con\" >\t\t<div class=\"ekit-btn-wraper\">\n\t\t\t\t\t\t\t<a href=\"https:\/\/nextlabcolombia.com\/index.php\/formulario-de-catalogo\/\" class=\"elementskit-btn  whitespace--normal\" id=\"\">\n\t\t\t\t\t<i aria-hidden=\"true\" class=\"fas fa-cloud-download-alt\"><\/i>SOLICITA TU CATALOGO AQUI\t\t\t\t<\/a>\n\t\t\t\t\t<\/div>\n        <\/div>\t\t\t\t<\/div>\n\t\t\t\t<\/div>\n\t\t\t\t<div class=\"elementor-element elementor-element-4fb32989 elementor-invisible elementor-widget elementor-widget-heading\" data-id=\"4fb32989\" data-element_type=\"widget\" data-e-type=\"widget\" data-settings=\"{&quot;_animation&quot;:&quot;fadeInDown&quot;}\" data-widget_type=\"heading.default\">\n\t\t\t\t<div class=\"elementor-widget-container\">\n\t\t\t\t\t<h2 class=\"elementor-heading-title elementor-size-default\">Cat\u00e1logo de Equipos de Laboratorio: Explora la Vanguardia de la Investigaci\u00f3n y Desarrollo<\/h2>\t\t\t\t<\/div>\n\t\t\t\t<\/div>\n\t\t\t\t<div class=\"elementor-element elementor-element-4fe61803 elementor-invisible elementor-widget elementor-widget-text-editor\" data-id=\"4fe61803\" data-element_type=\"widget\" data-e-type=\"widget\" data-settings=\"{&quot;_animation&quot;:&quot;fadeInDown&quot;}\" data-widget_type=\"text-editor.default\">\n\t\t\t\t<div class=\"elementor-widget-container\">\n\t\t\t\t\t\t\t\t\t<p>En el mundo de la investigaci\u00f3n y el desarrollo, tener acceso a las herramientas adecuadas marca la diferencia. Como l\u00edder en el sector, nos complace presentar nuestro nuevo cat\u00e1logo de venta de equipos de laboratorio. Este recurso exhaustivo re\u00fane una amplia gama de soluciones tecnol\u00f3gicas de vanguardia, dise\u00f1adas para impulsar tus investigaciones hacia nuevos horizontes. Desde analizadores de \u00faltima generaci\u00f3n hasta dispositivos de precisi\u00f3n, nuestro cat\u00e1logo est\u00e1 lleno de posibilidades que se adaptan a tus necesidades espec\u00edficas.<\/p><p>No solo ofrecemos equipos de calidad , sino tambi\u00e9n el respaldo de un equipo de ventas dedicado a brindarte la asesor\u00eda y el apoyo que mereces. Descubre el cat\u00e1logo y abre la puerta a un mundo de innovaci\u00f3n en tu laboratorio. Juntos, vamos m\u00e1s all\u00e1 de los l\u00edmites de la ciencia.<\/p>\t\t\t\t\t\t\t\t<\/div>\n\t\t\t\t<\/div>\n\t\t\t\t\t<\/div>\n\t\t<\/div>\n\t\t\t\t\t<\/div>\n\t\t<\/section>\n\t\t\t\t\t<\/div>\n\t\t<\/div>\n\t\t\t\t<div class=\"elementor-column elementor-col-50 elementor-top-column elementor-element elementor-element-59511416\" data-id=\"59511416\" data-element_type=\"column\" data-e-type=\"column\">\n\t\t\t<div class=\"elementor-widget-wrap elementor-element-populated\">\n\t\t\t\t\t\t<div class=\"elementor-element elementor-element-ed0cb68 elementor-widget__width-initial elementor-widget elementor-widget-video\" data-id=\"ed0cb68\" data-element_type=\"widget\" data-e-type=\"widget\" data-settings=\"{&quot;video_type&quot;:&quot;hosted&quot;,&quot;autoplay&quot;:&quot;yes&quot;,&quot;controls&quot;:&quot;yes&quot;}\" data-widget_type=\"video.default\">\n\t\t\t\t<div class=\"elementor-widget-container\">\n\t\t\t\t\t\t\t<div class=\"e-hosted-video elementor-wrapper elementor-open-inline\">\n\t\t\t\t\t<video class=\"elementor-video\" src=\"https:\/\/nextlabcolombia.com\/wp-content\/uploads\/2023\/08\/Video-de-WhatsApp-2023-08-25-a-las-13.57.21.mp4\" autoplay=\"\" controls=\"\" controlsList=\"nodownload\"><\/video>\n\t\t\t\t<\/div>\n\t\t\t\t\t\t<\/div>\n\t\t\t\t<\/div>\n\t\t\t\t\t<\/div>\n\t\t<\/div>\n\t\t\t\t\t<\/div>\n\t\t<\/section>\n\t\t\t\t<\/div>\n\t\t","protected":false},"excerpt":{"rendered":"<p>Nuestro C\u00e1talogo SOLICITA TU CATALOGO AQUI Cat\u00e1logo de Equipos de Laboratorio: Explora la Vanguardia de la Investigaci\u00f3n y Desarrollo En el mundo de la investigaci\u00f3n y el desarrollo, tener acceso a las herramientas adecuadas marca la diferencia. Como l\u00edder en el sector, nos complace presentar nuestro nuevo cat\u00e1logo de venta de equipos de laboratorio. Este [&hellip;]<\/p>\n","protected":false},"author":1,"featured_media":0,"parent":0,"menu_order":0,"comment_status":"closed","ping_status":"closed","template":"","meta":{"_et_pb_use_builder":"","_et_pb_old_content":"","_et_gb_content_width":"","_monsterinsights_skip_tracking":false,"_monsterinsights_sitenote_active":false,"_monsterinsights_sitenote_note":"","_monsterinsights_sitenote_category":0,"_joinchat":[],"footnotes":""},"class_list":["post-956","page","type-page","status-publish","hentry"],"yoast_head":"<!-- This site is optimized with the Yoast SEO plugin v23.6 - https:\/\/yoast.com\/wordpress\/plugins\/seo\/ -->\n<title>Catalogo - Next Lab Colombia<\/title>\n<meta name=\"robots\" content=\"index, follow, max-snippet:-1, max-image-preview:large, max-video-preview:-1\" \/>\n<link rel=\"canonical\" href=\"https:\/\/nextlabcolombia.com\/index.php\/catalogo\/\" \/>\n<meta property=\"og:locale\" content=\"es_ES\" \/>\n<meta property=\"og:type\" content=\"article\" \/>\n<meta property=\"og:title\" content=\"Catalogo - Next Lab Colombia\" \/>\n<meta property=\"og:description\" content=\"Nuestro C\u00e1talogo SOLICITA TU CATALOGO AQUI Cat\u00e1logo de Equipos de Laboratorio: Explora la Vanguardia de la Investigaci\u00f3n y Desarrollo En el mundo de la investigaci\u00f3n y el desarrollo, tener acceso a las herramientas adecuadas marca la diferencia. Como l\u00edder en el sector, nos complace presentar nuestro nuevo cat\u00e1logo de venta de equipos de laboratorio. Este [&hellip;]\" \/>\n<meta property=\"og:url\" content=\"https:\/\/nextlabcolombia.com\/index.php\/catalogo\/\" \/>\n<meta property=\"og:site_name\" content=\"Next Lab Colombia\" \/>\n<meta property=\"article:modified_time\" content=\"2023-08-31T16:31:13+00:00\" \/>\n<meta name=\"twitter:card\" content=\"summary_large_image\" \/>\n<meta name=\"twitter:label1\" content=\"Tiempo de lectura\" \/>\n\t<meta name=\"twitter:data1\" content=\"1 minuto\" \/>\n<script type=\"application\/ld+json\" class=\"yoast-schema-graph\">{\"@context\":\"https:\/\/schema.org\",\"@graph\":[{\"@type\":\"WebPage\",\"@id\":\"https:\/\/nextlabcolombia.com\/index.php\/catalogo\/\",\"url\":\"https:\/\/nextlabcolombia.com\/index.php\/catalogo\/\",\"name\":\"Catalogo - Next Lab Colombia\",\"isPartOf\":{\"@id\":\"https:\/\/nextlabcolombia.com\/#website\"},\"datePublished\":\"2023-08-25T19:18:12+00:00\",\"dateModified\":\"2023-08-31T16:31:13+00:00\",\"breadcrumb\":{\"@id\":\"https:\/\/nextlabcolombia.com\/index.php\/catalogo\/#breadcrumb\"},\"inLanguage\":\"es\",\"potentialAction\":[{\"@type\":\"ReadAction\",\"target\":[\"https:\/\/nextlabcolombia.com\/index.php\/catalogo\/\"]}]},{\"@type\":\"BreadcrumbList\",\"@id\":\"https:\/\/nextlabcolombia.com\/index.php\/catalogo\/#breadcrumb\",\"itemListElement\":[{\"@type\":\"ListItem\",\"position\":1,\"name\":\"Portada\",\"item\":\"https:\/\/nextlabcolombia.com\/\"},{\"@type\":\"ListItem\",\"position\":2,\"name\":\"Catalogo\"}]},{\"@type\":\"WebSite\",\"@id\":\"https:\/\/nextlabcolombia.com\/#website\",\"url\":\"https:\/\/nextlabcolombia.com\/\",\"name\":\"Next Lab Colombia\",\"description\":\"\",\"publisher\":{\"@id\":\"https:\/\/nextlabcolombia.com\/#organization\"},\"potentialAction\":[{\"@type\":\"SearchAction\",\"target\":{\"@type\":\"EntryPoint\",\"urlTemplate\":\"https:\/\/nextlabcolombia.com\/?s={search_term_string}\"},\"query-input\":{\"@type\":\"PropertyValueSpecification\",\"valueRequired\":true,\"valueName\":\"search_term_string\"}}],\"inLanguage\":\"es\"},{\"@type\":\"Organization\",\"@id\":\"https:\/\/nextlabcolombia.com\/#organization\",\"name\":\"Next Lab Colombia\",\"url\":\"https:\/\/nextlabcolombia.com\/\",\"logo\":{\"@type\":\"ImageObject\",\"inLanguage\":\"es\",\"@id\":\"https:\/\/nextlabcolombia.com\/#\/schema\/logo\/image\/\",\"url\":\"https:\/\/nextlabcolombia.com\/wp-content\/uploads\/2023\/03\/LOGO-NEXT-LAB.png\",\"contentUrl\":\"https:\/\/nextlabcolombia.com\/wp-content\/uploads\/2023\/03\/LOGO-NEXT-LAB.png\",\"width\":967,\"height\":1038,\"caption\":\"Next Lab Colombia\"},\"image\":{\"@id\":\"https:\/\/nextlabcolombia.com\/#\/schema\/logo\/image\/\"}}]}<\/script>\n<!-- \/ Yoast SEO plugin. -->","yoast_head_json":{"title":"Catalogo - Next Lab Colombia","robots":{"index":"index","follow":"follow","max-snippet":"max-snippet:-1","max-image-preview":"max-image-preview:large","max-video-preview":"max-video-preview:-1"},"canonical":"https:\/\/nextlabcolombia.com\/index.php\/catalogo\/","og_locale":"es_ES","og_type":"article","og_title":"Catalogo - Next Lab Colombia","og_description":"Nuestro C\u00e1talogo SOLICITA TU CATALOGO AQUI Cat\u00e1logo de Equipos de Laboratorio: Explora la Vanguardia de la Investigaci\u00f3n y Desarrollo En el mundo de la investigaci\u00f3n y el desarrollo, tener acceso a las herramientas adecuadas marca la diferencia. Como l\u00edder en el sector, nos complace presentar nuestro nuevo cat\u00e1logo de venta de equipos de laboratorio. Este [&hellip;]","og_url":"https:\/\/nextlabcolombia.com\/index.php\/catalogo\/","og_site_name":"Next Lab Colombia","article_modified_time":"2023-08-31T16:31:13+00:00","twitter_card":"summary_large_image","twitter_misc":{"Tiempo de lectura":"1 minuto"},"schema":{"@context":"https:\/\/schema.org","@graph":[{"@type":"WebPage","@id":"https:\/\/nextlabcolombia.com\/index.php\/catalogo\/","url":"https:\/\/nextlabcolombia.com\/index.php\/catalogo\/","name":"Catalogo - Next Lab Colombia","isPartOf":{"@id":"https:\/\/nextlabcolombia.com\/#website"},"datePublished":"2023-08-25T19:18:12+00:00","dateModified":"2023-08-31T16:31:13+00:00","breadcrumb":{"@id":"https:\/\/nextlabcolombia.com\/index.php\/catalogo\/#breadcrumb"},"inLanguage":"es","potentialAction":[{"@type":"ReadAction","target":["https:\/\/nextlabcolombia.com\/index.php\/catalogo\/"]}]},{"@type":"BreadcrumbList","@id":"https:\/\/nextlabcolombia.com\/index.php\/catalogo\/#breadcrumb","itemListElement":[{"@type":"ListItem","position":1,"name":"Portada","item":"https:\/\/nextlabcolombia.com\/"},{"@type":"ListItem","position":2,"name":"Catalogo"}]},{"@type":"WebSite","@id":"https:\/\/nextlabcolombia.com\/#website","url":"https:\/\/nextlabcolombia.com\/","name":"Next Lab Colombia","description":"","publisher":{"@id":"https:\/\/nextlabcolombia.com\/#organization"},"potentialAction":[{"@type":"SearchAction","target":{"@type":"EntryPoint","urlTemplate":"https:\/\/nextlabcolombia.com\/?s={search_term_string}"},"query-input":{"@type":"PropertyValueSpecification","valueRequired":true,"valueName":"search_term_string"}}],"inLanguage":"es"},{"@type":"Organization","@id":"https:\/\/nextlabcolombia.com\/#organization","name":"Next Lab Colombia","url":"https:\/\/nextlabcolombia.com\/","logo":{"@type":"ImageObject","inLanguage":"es","@id":"https:\/\/nextlabcolombia.com\/#\/schema\/logo\/image\/","url":"https:\/\/nextlabcolombia.com\/wp-content\/uploads\/2023\/03\/LOGO-NEXT-LAB.png","contentUrl":"https:\/\/nextlabcolombia.com\/wp-content\/uploads\/2023\/03\/LOGO-NEXT-LAB.png","width":967,"height":1038,"caption":"Next Lab Colombia"},"image":{"@id":"https:\/\/nextlabcolombia.com\/#\/schema\/logo\/image\/"}}]}},"_links":{"self":[{"href":"https:\/\/nextlabcolombia.com\/index.php\/wp-json\/wp\/v2\/pages\/956","targetHints":{"allow":["GET"]}}],"collection":[{"href":"https:\/\/nextlabcolombia.com\/index.php\/wp-json\/wp\/v2\/pages"}],"about":[{"href":"https:\/\/nextlabcolombia.com\/index.php\/wp-json\/wp\/v2\/types\/page"}],"author":[{"embeddable":true,"href":"https:\/\/nextlabcolombia.com\/index.php\/wp-json\/wp\/v2\/users\/1"}],"replies":[{"embeddable":true,"href":"https:\/\/nextlabcolombia.com\/index.php\/wp-json\/wp\/v2\/comments?post=956"}],"version-history":[{"count":22,"href":"https:\/\/nextlabcolombia.com\/index.php\/wp-json\/wp\/v2\/pages\/956\/revisions"}],"predecessor-version":[{"id":1086,"href":"https:\/\/nextlabcolombia.com\/index.php\/wp-json\/wp\/v2\/pages\/956\/revisions\/1086"}],"wp:attachment":[{"href":"https:\/\/nextlabcolombia.com\/index.php\/wp-json\/wp\/v2\/media?parent=956"}],"curies":[{"name":"wp","href":"https:\/\/api.w.org\/{rel}","templated":true}]}}